{"id":9236,"date":"2025-08-11T01:33:48","date_gmt":"2025-08-11T00:33:48","guid":{"rendered":"https:\/\/www.maou.ch\/?page_id=9236"},"modified":"2025-08-12T00:22:35","modified_gmt":"2025-08-11T23:22:35","slug":"video-projects","status":"publish","type":"page","link":"https:\/\/www.maou.ch\/fr\/video-projects\/","title":{"rendered":"Portfolio vid\u00e9o"},"content":{"rendered":"<div id=\"fb-root\"><\/div>\n[spb_parallax parallax_type=&#8221;image&#8221; bg_image=&#8221;9389&#8243; bg_type=&#8221;cover&#8221; parallax_video_height=&#8221;content-height&#8221; parallax_video_overlay=&#8221;none&#8221; parallax_image_height=&#8221;content-height&#8221; parallax_image_movement=&#8221;fixed&#8221; parallax_image_speed=&#8221;0.5&#8243; padding_horizontal=&#8221;15&#8243; alt_background=&#8221;none&#8221; el_class=&#8221;mt0&#8243; width=&#8221;1\/1&#8243; el_position=&#8221;first last&#8221;]\n<h1 style=\"text-align: center;\">[blank_spacer height=&#8221;70px&#8221; width=&#8221;1\/1&#8243; el_position=&#8221;first last&#8221;]<\/h1>\n<h1 style=\"text-align: center;\"><span style=\"color: #ffffff;\">Portfolio vid\u00e9o<\/span><\/h1>\n<h1 style=\"text-align: center;\">[blank_spacer height=&#8221;70px&#8221; width=&#8221;1\/1&#8243; el_position=&#8221;first last&#8221;]<\/h1>\n[\/spb_parallax] [blank_spacer height=&#8221;30px&#8221; width=&#8221;1\/1&#8243; el_position=&#8221;first last&#8221;] [spb_text_block title=&#8221;En quelques mots&#8221; pb_margin_bottom=&#8221;no&#8221; pb_border_bottom=&#8221;no&#8221; width=&#8221;1\/1&#8243; el_position=&#8221;first last&#8221;][\/spb_text_block] [spb_text_block pb_margin_bottom=&#8221;no&#8221; pb_border_bottom=&#8221;no&#8221; width=&#8221;1\/2&#8243; el_position=&#8221;first&#8221;]\n<p>Employ\u00e9e en tant que cr\u00e9atrice de contenu depuis 2017 \u00e0 la Radio T\u00e9l\u00e9vision Suisse, j&#8217;ai commenc\u00e9 par y effectuer des remplacements au sein de diff\u00e9rentes r\u00e9dactions. Ma premi\u00e8re t\u00e2che y a \u00e9t\u00e9 r\u00e9daction d&#8217;articles sur l&#8217;actualit\u00e9 culturelle pour le compte de RTS culture. Je suis pass\u00e9e par la r\u00e9daction d&#8217;On en parle, une \u00e9mission de radio destin\u00e9e aux consommateurs, o\u00f9 j&#8217;\u00e9tais charg\u00e9e de g\u00e9rer les r\u00e9seaux sociaux de l&#8217;\u00e9mission et par l&#8217;\u00e9quipe de Couleur 3, une cha\u00eene de radio pour laquelle j&#8217;ai suivi des groupes de musique en reportages en festival et effectu\u00e9 des interviews. Mon engagement et ma cr\u00e9ativit\u00e9 m&#8217;ont amen\u00e9e \u00e0 occuper aujourd&#8217;hui le poste de productrice de ma propre s\u00e9rie destin\u00e9e au compte Instagram de la RTS, pour laquelle je suis la seule \u00e0 travailler et que j&#8217;ai imagin\u00e9e de A \u00e0 Z.<\/p>\n<p>Au b\u00e9n\u00e9fice d&#8217;un certificat de journaliste num\u00e9rique, je suis \u00e0 l&#8217;aise \u00e0 l&#8217;\u00e9crit comme \u00e0 l&#8217;image et mon champs d&#8217;action s&#8217;\u00e9tend de la r\u00e9daction d&#8217;articles \u00e9crits, au tournage, au montage et \u00e0 la r\u00e9alisation d&#8217;interviews, mais aussi au suivi des performances des contenus une fois post\u00e9s sur les r\u00e9seaux sociaux. Cette formation achev\u00e9e en 2021 compl\u00e8te parfaitement mon m\u00e9tier initial, celui de graphiste sp\u00e9cialis\u00e9e en communication visuelle.<\/p>\n<p>Exer\u00e7ant une activit\u00e9 de graphiste ind\u00e9pendante en parall\u00e8le de mon m\u00e9tier \u00e0 la RTS, je travaille sur des commandes de clients priv\u00e9s depuis 2015 et ai acquis avec les ann\u00e9es de solides comp\u00e9tences en cr\u00e9ation de sites sur WordPress et en community management.<\/p>\n[\/spb_text_block] [spb_text_block pb_margin_bottom=&#8221;no&#8221; pb_border_bottom=&#8221;no&#8221; width=&#8221;1\/2&#8243; el_position=&#8221;last&#8221;]\n<p>Je suis capable de g\u00e9rer la totalit\u00e9 d&#8217;un projet, depuis son id\u00e9ation jusqu&#8217;\u00e0 sa r\u00e9alisation. Titulaire d&#8217;un master en sciences de l&#8217;innovation, je suis habitu\u00e9e \u00e0 collaborer avec diff\u00e9rents corps de m\u00e9tiers tout au long des diff\u00e9rentes phases de d\u00e9veloppement d&#8217;un projet. Je suis famili\u00e8re avec les phases d&#8217;\u00e9tude de march\u00e9, d&#8217;\u00e9tude de faisabilit\u00e9, d&#8217;\u00e9laboration d&#8217;un business plan et de recherche de fonds du d\u00e9veloppement d&#8217;un projet et suis aussi en mesure d&#8217;apporter mon expertise \u00e0 ces \u00e9tapes.<\/p>\n<p>Enfin, en parall\u00e8le de mon activit\u00e9 \u00e0 la RTS et de graphiste freelance, je suis aussi autrice et illustratrice de bandes dessin\u00e9es \u00e0 l&#8217;humour d\u00e9cal\u00e9 et compte aujourd&#8217;hui quatre livres publi\u00e9s \u00e0 mon actif.<\/p>\n<p>En r\u00e9sum\u00e9, le coeur de mon travail, quelle que soit l&#8217;\u00e9tiquette que l&#8217;on souhaite coller sur ma profession, c&#8217;est de raconter des histoires. Et de les raconter avec soin, coh\u00e9rence et dans les moindres d\u00e9tails. Je suis aujourd&#8217;hui \u00e0 la recherche de nouveaux horizons professionnels ouverts sur le monde et compatibles avec mon besoin de voyager et mon amour de l&#8217;oc\u00e9an.<\/p>\n[\/spb_text_block] [blank_spacer height=&#8221;30px&#8221; width=&#8221;1\/1&#8243; el_position=&#8221;first last&#8221;] [blog title=&#8221;Projets&#8221; show_blog_aux=&#8221;yes&#8221; blog_type=&#8221;masonry-fw&#8221; masonry_effect_type=&#8221;effect-1&#8243; item_count=&#8221;15&#8243; category=&#8221;videos&#8221; offset=&#8221;0&#8243; posts_order=&#8221;DESC&#8221; show_title=&#8221;yes&#8221; show_excerpt=&#8221;yes&#8221; show_details=&#8221;yes&#8221; excerpt_length=&#8221;20&#8243; content_output=&#8221;excerpt&#8221; show_read_more=&#8221;yes&#8221; pagination=&#8221;infinite-scroll&#8221; width=&#8221;1\/1&#8243; el_position=&#8221;first last&#8221;]","protected":false},"excerpt":{"rendered":"<p>[spb_parallax parallax_type=&#8221;image&#8221; bg_image=&#8221;9389&#8243; bg_type=&#8221;cover&#8221; parallax_video_height=&#8221;content-height&#8221; parallax_video_overlay=&#8221;none&#8221; parallax_image_height=&#8221;content-height&#8221; parallax_image_movement=&#8221;fixed&#8221; parallax_image_speed=&#8221;0.5&#8243; padding_horizontal=&#8221;15&#8243; alt_background=&#8221;none&#8221; el_class=&#8221;mt0&#8243; width=&#8221;1\/1&#8243; el_position=&#8221;first last&#8221;] [blank_spacer height=&#8221;70px&#8221; width=&#8221;1\/1&#8243; el_position=&#8221;first last&#8221;] Portfolio vid\u00e9o [blank_spacer height=&#8221;70px&#8221; width=&#8221;1\/1&#8243; el_position=&#8221;first last&#8221;] [\/spb_parallax] [blank_spacer height=&#8221;30px&#8221; width=&#8221;1\/1&#8243; el_position=&#8221;first last&#8221;] [spb_text_block title=&#8221;En quelques mots&#8221; pb_margin_bottom=&#8221;no&#8221; pb_border_bottom=&#8221;no&#8221; width=&#8221;1\/1&#8243; el_position=&#8221;first last&#8221;][\/spb_text_block] [spb_text_block pb_margin_bottom=&#8221;no&#8221; pb_border_bottom=&#8221;no&#8221; width=&#8221;1\/2&#8243; el_position=&#8221;first&#8221;] Employ\u00e9e en tant que cr\u00e9atrice de contenu depuis 2017 \u00e0 la Radio T\u00e9l\u00e9vision [&hellip;]<\/p>","protected":false},"author":1,"featured_media":0,"parent":0,"menu_order":0,"comment_status":"closed","ping_status":"closed","template":"","meta":{"footnotes":"","_links_to":"","_links_to_target":""},"class_list":["post-9236","page","type-page","status-publish","hentry"],"_links":{"self":[{"href":"https:\/\/www.maou.ch\/fr\/wp-json\/wp\/v2\/pages\/9236","targetHints":{"allow":["GET"]}}],"collection":[{"href":"https:\/\/www.maou.ch\/fr\/wp-json\/wp\/v2\/pages"}],"about":[{"href":"https:\/\/www.maou.ch\/fr\/wp-json\/wp\/v2\/types\/page"}],"author":[{"embeddable":true,"href":"https:\/\/www.maou.ch\/fr\/wp-json\/wp\/v2\/users\/1"}],"replies":[{"embeddable":true,"href":"https:\/\/www.maou.ch\/fr\/wp-json\/wp\/v2\/comments?post=9236"}],"version-history":[{"count":32,"href":"https:\/\/www.maou.ch\/fr\/wp-json\/wp\/v2\/pages\/9236\/revisions"}],"predecessor-version":[{"id":9398,"href":"https:\/\/www.maou.ch\/fr\/wp-json\/wp\/v2\/pages\/9236\/revisions\/9398"}],"wp:attachment":[{"href":"https:\/\/www.maou.ch\/fr\/wp-json\/wp\/v2\/media?parent=9236"}],"curies":[{"name":"wp","href":"https:\/\/api.w.org\/{rel}","templated":true}]}}