{"id":5095,"date":"2016-04-24T15:56:15","date_gmt":"2016-04-24T14:56:15","guid":{"rendered":"http:\/\/www.maou.ch\/?post_type=product&#038;p=5095"},"modified":"2023-12-19T13:04:58","modified_gmt":"2023-12-19T12:04:58","slug":"hej%e2%80%89","status":"publish","type":"product","link":"https:\/\/www.maou.ch\/fr\/produit\/hej%e2%80%89\/","title":{"rendered":"HEJ!"},"content":{"rendered":"<div id=\"fb-root\"><\/div>\n<p>Il s\u2019agit d\u2019IHEA, bien s\u00fbr\u2009! Client\u00b7e\u00b7s insupportables, couples au bord de la rupture, management absurde, Maou nous dit tout\u2026 m\u00eame comment elle a attrap\u00e9 des poux\u2009!\n\n\u00ab\u2009HEJ\u2009!\u2009\u00bb, est la premi\u00e8re bande dessin\u00e9e de Maou. Publi\u00e9e en 2016 aux \u00e9ditions H\u00e9lice H\u00e9las, l\u2019autrice s\u2019inspire de son exp\u00e9rience personnelle pour raconter les d\u00e9boires d\u2019une caissi\u00e8re employ\u00e9e par le g\u00e9ant de l\u2019ameublement su\u00e9dois.<br \/>\n[blank_spacer height=&#8221;20px&#8221; width=&#8221;1\/1&#8243; el_position=&#8221;first last&#8221;]\nLanguage: French<br \/>\n[blank_spacer height=&#8221;20px&#8221; width=&#8221;1\/1&#8243; el_position=&#8221;first last&#8221;]\n<ul class=\"sf-list\">\n<li><i class=\"ss-heart\"><\/i><span>\u00c9couter l <a href=\"https:\/\/www.rts.ch\/play\/radio\/dans-la-peau-danne\/audio\/dans-la-peau-danne-hej?id=7730256&amp;station=a83f29dee7a5d0d3f9fccdb9c92161b1afb512db\">\u00e9mission d'Anne<\/a> qui parle de HEJ! sur Espace2!<\/span><\/li>\n<\/ul>","protected":false},"excerpt":{"rendered":"<p>Il s\u2019agit d\u2019IHEA, bien s\u00fbr\u2009! Client\u00b7e\u00b7s insupportables, couples au bord de la rupture, management absurde, Maou nous dit tout\u2026 m\u00eame comment elle a attrap\u00e9 des poux\u2009!\n\n\u00ab\u2009HEJ\u2009!\u2009\u00bb, est la premi\u00e8re bande dessin\u00e9e de Maou. Publi\u00e9e en 2016 aux \u00e9ditions H\u00e9lice H\u00e9las, l\u2019autrice s\u2019inspire de son exp\u00e9rience personnelle pour raconter les d\u00e9boires d\u2019une caissi\u00e8re employ\u00e9e par le g\u00e9ant de l\u2019ameublement su\u00e9dois.<br \/>\n[blank_spacer height=&#8221;20px&#8221; width=&#8221;1\/1&#8243; el_position=&#8221;first last&#8221;]<br \/>\nLangue: fran\u00e7ais.<br \/>\n[blank_spacer height=&#8221;20px&#8221; width=&#8221;1\/1&#8243; el_position=&#8221;first last&#8221;]<br \/>\n[list]<br \/>\n[list_item icon=\"ss-heart\"]Listen to <a href=\"https:\/\/www.rts.ch\/play\/radio\/dans-la-peau-danne\/audio\/dans-la-peau-danne-hej?id=7730256&amp;station=a83f29dee7a5d0d3f9fccdb9c92161b1afb512db\">\u00e9mission d'Anne<\/a> talking about HEJ! on Espace2![\/list_item]<br \/>\n[\/list]<\/p>","protected":false},"featured_media":5183,"comment_status":"closed","ping_status":"closed","template":"","meta":{"_links_to":"","_links_to_target":""},"product_brand":[],"product_cat":[27,30],"product_tag":[],"class_list":{"0":"post-5095","1":"product","2":"type-product","3":"status-publish","4":"has-post-thumbnail","6":"product_cat-bd","7":"product_cat-hej","8":"product_shipping_class-medium","10":"first","11":"outofstock","12":"taxable","13":"shipping-taxable","14":"purchasable","15":"product-type-simple"},"_links":{"self":[{"href":"https:\/\/www.maou.ch\/fr\/wp-json\/wp\/v2\/product\/5095","targetHints":{"allow":["GET"]}}],"collection":[{"href":"https:\/\/www.maou.ch\/fr\/wp-json\/wp\/v2\/product"}],"about":[{"href":"https:\/\/www.maou.ch\/fr\/wp-json\/wp\/v2\/types\/product"}],"replies":[{"embeddable":true,"href":"https:\/\/www.maou.ch\/fr\/wp-json\/wp\/v2\/comments?post=5095"}],"wp:featuredmedia":[{"embeddable":true,"href":"https:\/\/www.maou.ch\/fr\/wp-json\/wp\/v2\/media\/5183"}],"wp:attachment":[{"href":"https:\/\/www.maou.ch\/fr\/wp-json\/wp\/v2\/media?parent=5095"}],"wp:term":[{"taxonomy":"product_brand","embeddable":true,"href":"https:\/\/www.maou.ch\/fr\/wp-json\/wp\/v2\/product_brand?post=5095"},{"taxonomy":"product_cat","embeddable":true,"href":"https:\/\/www.maou.ch\/fr\/wp-json\/wp\/v2\/product_cat?post=5095"},{"taxonomy":"product_tag","embeddable":true,"href":"https:\/\/www.maou.ch\/fr\/wp-json\/wp\/v2\/product_tag?post=5095"}],"curies":[{"name":"wp","href":"https:\/\/api.w.org\/{rel}","templated":true}]}}