{"id":5174,"date":"2016-04-25T10:47:45","date_gmt":"2016-04-25T09:47:45","guid":{"rendered":"http:\/\/www.maou.ch\/?post_type=product&#038;p=5174"},"modified":"2023-01-23T16:25:52","modified_gmt":"2023-01-23T15:25:52","slug":"tote-bag","status":"publish","type":"product","link":"https:\/\/www.maou.ch\/fr\/produit\/tote-bag\/","title":{"rendered":"Tote bag HEJ\u2009!"},"content":{"rendered":"<div id=\"fb-root\"><\/div>\n<p>[:en]<ul class=\"sf-list\">\nTote bag designed after the comic book \u00ab\u2009HEJ\u2009!\u2009\u00bb.<br \/>\n<li><i class=\"ss-heart\"><\/i><span>100% coton. <\/span><\/li>\n<li><i class=\"ss-heart\"><\/i><span>40\u00d736 cm.<\/span><\/li>\n<\/ul>\n<p>[:fr]<ul class=\"sf-list\">\nSac en bandouli\u00e8re d\u00e9riv\u00e9 de la bande-dessin\u00e9e\u00a0\u00ab\u2009HEJ\u2009!\u2009\u00bb.<br \/>\n<li><i class=\"ss-heart\"><\/i><span>100% coton. <\/span><\/li>\n<li><i class=\"ss-heart\"><\/i><span>40\u00d736 cm.<\/span><\/li>\n<\/ul>\n<p>[:]<\/p>","protected":false},"excerpt":{"rendered":"<p>[:en][list]<br \/>\nTote bag designed after the comic book \u00ab\u2009HEJ\u2009!\u2009\u00bb.<br \/>\n[list_item icon=\"ss-heart\"]100% coton. [\/list_item]<br \/>\n[list_item icon=\"ss-heart\"]40\u00d736 cm.[\/list_item]<br \/>\n[\/list][:fr][list]<br \/>\nSac en bandouli\u00e8re d\u00e9riv\u00e9 de la bande-dessin\u00e9e\u00a0\u00ab\u2009HEJ\u2009!\u2009\u00bb.<br \/>\n[list_item icon=\"ss-heart\"]100% coton. [\/list_item]<br \/>\n[list_item icon=\"ss-heart\"]40\u00d736 cm.[\/list_item]<br \/>\n[\/list][:]<\/p>","protected":false},"featured_media":6816,"comment_status":"closed","ping_status":"closed","template":"","meta":{"_links_to":"","_links_to_target":""},"product_brand":[],"product_cat":[28,30],"product_tag":[],"class_list":{"0":"post-5174","1":"product","2":"type-product","3":"status-publish","4":"has-post-thumbnail","6":"product_cat-accessories","7":"product_cat-hej","8":"product_shipping_class-medium","10":"first","11":"outofstock","12":"taxable","13":"shipping-taxable","14":"purchasable","15":"product-type-simple"},"_links":{"self":[{"href":"https:\/\/www.maou.ch\/fr\/wp-json\/wp\/v2\/product\/5174","targetHints":{"allow":["GET"]}}],"collection":[{"href":"https:\/\/www.maou.ch\/fr\/wp-json\/wp\/v2\/product"}],"about":[{"href":"https:\/\/www.maou.ch\/fr\/wp-json\/wp\/v2\/types\/product"}],"replies":[{"embeddable":true,"href":"https:\/\/www.maou.ch\/fr\/wp-json\/wp\/v2\/comments?post=5174"}],"wp:featuredmedia":[{"embeddable":true,"href":"https:\/\/www.maou.ch\/fr\/wp-json\/wp\/v2\/media\/6816"}],"wp:attachment":[{"href":"https:\/\/www.maou.ch\/fr\/wp-json\/wp\/v2\/media?parent=5174"}],"wp:term":[{"taxonomy":"product_brand","embeddable":true,"href":"https:\/\/www.maou.ch\/fr\/wp-json\/wp\/v2\/product_brand?post=5174"},{"taxonomy":"product_cat","embeddable":true,"href":"https:\/\/www.maou.ch\/fr\/wp-json\/wp\/v2\/product_cat?post=5174"},{"taxonomy":"product_tag","embeddable":true,"href":"https:\/\/www.maou.ch\/fr\/wp-json\/wp\/v2\/product_tag?post=5174"}],"curies":[{"name":"wp","href":"https:\/\/api.w.org\/{rel}","templated":true}]}}