{"id":6695,"date":"2017-11-06T21:37:42","date_gmt":"2017-11-06T20:37:42","guid":{"rendered":"http:\/\/www.maou.ch\/?post_type=product&#038;p=6695"},"modified":"2023-10-05T21:34:23","modified_gmt":"2023-10-05T20:34:23","slug":"lf-a1","status":"publish","type":"product","link":"https:\/\/www.maou.ch\/fr\/produit\/lf-a1\/","title":{"rendered":"Impressions tir\u00e9es de La F\u00e9d\u00e9ration"},"content":{"rendered":"<div id=\"fb-root\"><\/div>\n<p>Impressions originales sign\u00e9es et num\u00e9rot\u00e9es issues de la bande dessin\u00e9e \u00abLa F\u00e9d\u00e9ration\u00bb.<br \/>\n[blank_spacer height=&#8221;30px&#8221; width=&#8221;1\/1&#8243; el_position=&#8221;first last&#8221;] <ul class=\"sf-list\">\n<li><i class=\"ss-heart\"><\/i><span> A1, A2 ou A3.<\/span><\/li>\n<li><i class=\"ss-heart\"><\/i><span>Planche num\u00e9rot\u00e9e et sign\u00e9e par l'auteure.<\/span><\/li>\n<\/ul>\nPr\u00e9cisez l\u2019illustration que vous souhaitez au moment de votre commande. Les impressions sont r\u00e9alis\u00e9es sur demande. Le d\u00e9lai de r\u00e9ception est donc d'une \u00e0 deux semaines.<\/p>","protected":false},"excerpt":{"rendered":"<p>Impressions originales sign\u00e9es et num\u00e9rot\u00e9es issues de la bande dessin\u00e9e \u00abLa F\u00e9d\u00e9ration\u00bb.<br \/>\n[blank_spacer height=&#8221;30px&#8221; width=&#8221;1\/1&#8243; el_position=&#8221;first last&#8221;] [list]<br \/>\n[list_item icon=\"ss-heart\"] A1, A2 or A3.[\/list_item]<br \/>\n[list_item icon=\"ss-heart\"]Each print is\u00a0numbered and signed by the author.[\/list_item]<br \/>\n[\/list]<br \/>\nPr\u00e9cisez l\u2019illustration que vous souhaitez au moment de votre commande. Les impressions sont r\u00e9alis\u00e9es sur demande. Le d\u00e9lai de r\u00e9ception est donc d'une \u00e0 deux semaines.<\/p>","protected":false},"featured_media":6463,"comment_status":"closed","ping_status":"closed","template":"","meta":{"_links_to":"","_links_to_target":""},"product_brand":[],"product_cat":[27,71,29],"product_tag":[],"class_list":{"0":"post-6695","1":"product","2":"type-product","3":"status-publish","4":"has-post-thumbnail","6":"product_cat-bd","7":"product_cat-la-federation","8":"product_cat-original-prints","9":"product_shipping_class-posters","11":"first","12":"onbackorder","13":"taxable","14":"shipping-taxable","15":"purchasable","16":"product-type-variable"},"_links":{"self":[{"href":"https:\/\/www.maou.ch\/fr\/wp-json\/wp\/v2\/product\/6695","targetHints":{"allow":["GET"]}}],"collection":[{"href":"https:\/\/www.maou.ch\/fr\/wp-json\/wp\/v2\/product"}],"about":[{"href":"https:\/\/www.maou.ch\/fr\/wp-json\/wp\/v2\/types\/product"}],"replies":[{"embeddable":true,"href":"https:\/\/www.maou.ch\/fr\/wp-json\/wp\/v2\/comments?post=6695"}],"wp:featuredmedia":[{"embeddable":true,"href":"https:\/\/www.maou.ch\/fr\/wp-json\/wp\/v2\/media\/6463"}],"wp:attachment":[{"href":"https:\/\/www.maou.ch\/fr\/wp-json\/wp\/v2\/media?parent=6695"}],"wp:term":[{"taxonomy":"product_brand","embeddable":true,"href":"https:\/\/www.maou.ch\/fr\/wp-json\/wp\/v2\/product_brand?post=6695"},{"taxonomy":"product_cat","embeddable":true,"href":"https:\/\/www.maou.ch\/fr\/wp-json\/wp\/v2\/product_cat?post=6695"},{"taxonomy":"product_tag","embeddable":true,"href":"https:\/\/www.maou.ch\/fr\/wp-json\/wp\/v2\/product_tag?post=6695"}],"curies":[{"name":"wp","href":"https:\/\/api.w.org\/{rel}","templated":true}]}}