{"id":6768,"date":"2017-11-21T14:52:23","date_gmt":"2017-11-21T13:52:23","guid":{"rendered":"http:\/\/www.maou.ch\/?post_type=product&#038;p=6768"},"modified":"2023-05-05T10:09:28","modified_gmt":"2023-05-05T09:09:28","slug":"lafederation","status":"publish","type":"product","link":"https:\/\/www.maou.ch\/fr\/produit\/lafederation\/","title":{"rendered":"La F\u00e9d\u00e9ration"},"content":{"rendered":"<div id=\"fb-root\"><\/div>\n<p>\u00ab\u2009La F\u00e9d\u00e9ration\u2009\u00bb s\u2019adresse sur un ton d\u00e9sopilant \u00e0 toutes les personnes qui rechignent \u00e0 se lever le matin pour aller au bureau, s\u2019ennuient \u00e0 mourir au travail\u2026 bref, \u00e0 toutes celles et ceux au bord du bore out.\n\nCette bande dessin\u00e9e est le deuxi\u00e8me ouvrage de Maou, paru en 2016. L\u2019autrice y raconte son exp\u00e9rience en tant que graphiste dans une f\u00e9d\u00e9ration sportive internationale.<br \/>\n[blank_spacer height=&#8221;20px&#8221; width=&#8221;1\/1&#8243; el_position=&#8221;first last&#8221;]\n<ul class=\"sf-list\">\n<li><i class=\"ss-heart\"><\/i><span>Langue: fran\u00e7ais.<\/span><\/li>\n<li><i class=\"ss-heart\"><\/i><span>Couverture souple vernie.<\/span><\/li>\n<li><i class=\"ss-heart\"><\/i><span>Livre auto-publi\u00e9 gr\u00e2ce \u00e0 un <a href=\"https:\/\/fr.ulule.com\/la-federation\/\">crowdfunding<\/a><\/span><\/li>\n<li><i class=\"ss-heart\"><\/i><span><a href=\"https:\/\/culturebd.com\/actualites\/articles\/2017\/07\/543-la-federation-est-notre-elule-de-juillet\">\u00c9lu meilleur projet de bande dessin\u00e9e<\/a> of July 2017, awarded by Culture BD.<\/span><\/li>\n<li><i class=\"ss-heart\"><\/i><span>\u00c9coutez l'interview de Maou\u00a0<a href=\"http:\/\/www.rts.ch\/play\/radio\/pony-express\/audio\/linvitee-de-pony-express--lillustratrice-meili-gernet-dite-maou-sort-la-federation?id=8920552&amp;station=a83f29dee7a5d0d3f9fccdb9c92161b1afb512db\">interview<\/a> on Couleur3.<\/span><\/li>\n<\/ul>","protected":false},"excerpt":{"rendered":"<p>\u00ab\u2009La F\u00e9d\u00e9ration\u2009\u00bb s\u2019adresse sur un ton d\u00e9sopilant \u00e0 toutes les personnes qui rechignent \u00e0 se lever le matin pour aller au bureau, s\u2019ennuient \u00e0 mourir au travail\u2026 bref, \u00e0 toutes celles et ceux au bord du bore out.\n\nCette bande dessin\u00e9e est le deuxi\u00e8me ouvrage de Maou, paru en 2016. L\u2019autrice y raconte son exp\u00e9rience en tant que graphiste dans une f\u00e9d\u00e9ration sportive internationale.<br \/>\n[blank_spacer height=&#8221;20px&#8221; width=&#8221;1\/1&#8243; el_position=&#8221;first last&#8221;]<br \/>\n[list]<br \/>\n[list_item icon=\"ss-heart\"]Language\u2009: French.[\/list_item]<br \/>\n[list_item icon=\"ss-heart\"]Soft cover with varnish.[\/list_item]<br \/>\n[list_item icon=\"ss-heart\"]Self-published book thanks to <a href=\"https:\/\/fr.ulule.com\/la-federation\/\">crowdfunding<\/a>[\/list_item]<br \/>\n[list_item icon=\"ss-heart\"]<a href=\"https:\/\/culturebd.com\/actualites\/articles\/2017\/07\/543-la-federation-est-notre-elule-de-juillet\">\u00c9lu meilleur projet de bande dessin\u00e9e<\/a> of July 2017, awarded by Culture BD.[\/list_item]<br \/>\n[list_item icon=\"ss-heart\"]Listen to Maou\u2019s\u00a0<a href=\"http:\/\/www.rts.ch\/play\/radio\/pony-express\/audio\/linvitee-de-pony-express--lillustratrice-meili-gernet-dite-maou-sort-la-federation?id=8920552&amp;station=a83f29dee7a5d0d3f9fccdb9c92161b1afb512db\">interview<\/a> on Couleur3.[\/list_item]<br \/>\n[\/list]<\/p>","protected":false},"featured_media":6774,"comment_status":"closed","ping_status":"closed","template":"","meta":{"_links_to":"","_links_to_target":""},"product_brand":[],"product_cat":[27,71],"product_tag":[],"class_list":{"0":"post-6768","1":"product","2":"type-product","3":"status-publish","4":"has-post-thumbnail","6":"product_cat-bd","7":"product_cat-la-federation","8":"product_shipping_class-medium","10":"first","11":"outofstock","12":"taxable","13":"shipping-taxable","14":"purchasable","15":"product-type-simple"},"_links":{"self":[{"href":"https:\/\/www.maou.ch\/fr\/wp-json\/wp\/v2\/product\/6768","targetHints":{"allow":["GET"]}}],"collection":[{"href":"https:\/\/www.maou.ch\/fr\/wp-json\/wp\/v2\/product"}],"about":[{"href":"https:\/\/www.maou.ch\/fr\/wp-json\/wp\/v2\/types\/product"}],"replies":[{"embeddable":true,"href":"https:\/\/www.maou.ch\/fr\/wp-json\/wp\/v2\/comments?post=6768"}],"wp:featuredmedia":[{"embeddable":true,"href":"https:\/\/www.maou.ch\/fr\/wp-json\/wp\/v2\/media\/6774"}],"wp:attachment":[{"href":"https:\/\/www.maou.ch\/fr\/wp-json\/wp\/v2\/media?parent=6768"}],"wp:term":[{"taxonomy":"product_brand","embeddable":true,"href":"https:\/\/www.maou.ch\/fr\/wp-json\/wp\/v2\/product_brand?post=6768"},{"taxonomy":"product_cat","embeddable":true,"href":"https:\/\/www.maou.ch\/fr\/wp-json\/wp\/v2\/product_cat?post=6768"},{"taxonomy":"product_tag","embeddable":true,"href":"https:\/\/www.maou.ch\/fr\/wp-json\/wp\/v2\/product_tag?post=6768"}],"curies":[{"name":"wp","href":"https:\/\/api.w.org\/{rel}","templated":true}]}}