{"id":6808,"date":"2017-11-21T20:51:03","date_gmt":"2017-11-21T19:51:03","guid":{"rendered":"http:\/\/www.maou.ch\/?post_type=product&#038;p=6808"},"modified":"2023-10-05T21:30:16","modified_gmt":"2023-10-05T20:30:16","slug":"hej%e2%80%89-a1original-print","status":"publish","type":"product","link":"https:\/\/www.maou.ch\/fr\/produit\/hej%e2%80%89-a1original-print\/","title":{"rendered":"Impression tir\u00e9e de HEJ!"},"content":{"rendered":"<div id=\"fb-root\"><\/div>\n<ul class=\"sf-list\">\n<li><i class=\"ss-heart\"><\/i><span>Planche num\u00e9rot\u00e9e et sign\u00e9e par l'auteure.<\/span><\/li>\n<li><i class=\"ss-heart\"><\/i><span>Taille: A1, A2 or A3.<\/span><\/li>\n<\/ul>","protected":false},"excerpt":{"rendered":"[list]<br \/>\n[list_item icon=\"ss-heart\"]Each print is\u00a0numbered and signed by the author.[\/list_item]<br \/>\n[list_item icon=\"ss-heart\"]Size: A1, A2 or A3.[\/list_item]<br \/>\n[\/list]","protected":false},"featured_media":6807,"comment_status":"closed","ping_status":"closed","template":"","meta":{"_links_to":"","_links_to_target":""},"product_brand":[],"product_cat":[30,29],"product_tag":[],"class_list":{"0":"post-6808","1":"product","2":"type-product","3":"status-publish","4":"has-post-thumbnail","6":"product_cat-hej","7":"product_cat-original-prints","8":"product_shipping_class-posters","10":"first","11":"onbackorder","12":"shipping-taxable","13":"purchasable","14":"product-type-variable"},"_links":{"self":[{"href":"https:\/\/www.maou.ch\/fr\/wp-json\/wp\/v2\/product\/6808","targetHints":{"allow":["GET"]}}],"collection":[{"href":"https:\/\/www.maou.ch\/fr\/wp-json\/wp\/v2\/product"}],"about":[{"href":"https:\/\/www.maou.ch\/fr\/wp-json\/wp\/v2\/types\/product"}],"replies":[{"embeddable":true,"href":"https:\/\/www.maou.ch\/fr\/wp-json\/wp\/v2\/comments?post=6808"}],"wp:featuredmedia":[{"embeddable":true,"href":"https:\/\/www.maou.ch\/fr\/wp-json\/wp\/v2\/media\/6807"}],"wp:attachment":[{"href":"https:\/\/www.maou.ch\/fr\/wp-json\/wp\/v2\/media?parent=6808"}],"wp:term":[{"taxonomy":"product_brand","embeddable":true,"href":"https:\/\/www.maou.ch\/fr\/wp-json\/wp\/v2\/product_brand?post=6808"},{"taxonomy":"product_cat","embeddable":true,"href":"https:\/\/www.maou.ch\/fr\/wp-json\/wp\/v2\/product_cat?post=6808"},{"taxonomy":"product_tag","embeddable":true,"href":"https:\/\/www.maou.ch\/fr\/wp-json\/wp\/v2\/product_tag?post=6808"}],"curies":[{"name":"wp","href":"https:\/\/api.w.org\/{rel}","templated":true}]}}