{"id":6993,"date":"2019-01-06T00:10:07","date_gmt":"2019-01-05T23:10:07","guid":{"rendered":"https:\/\/www.maou.ch\/?post_type=product&#038;p=6993"},"modified":"2023-01-23T16:16:35","modified_gmt":"2023-01-23T15:16:35","slug":"expedition-dessin","status":"publish","type":"product","link":"https:\/\/www.maou.ch\/fr\/produit\/expedition-dessin\/","title":{"rendered":"Dessin tir\u00e9 de L'Exp\u00e9dition"},"content":{"rendered":"<div id=\"fb-root\"><\/div>\n<p style=\"text-align: left;\">Ce dessin a \u00e9t\u00e9 r\u00e9alis\u00e9 sur le bateau lors du voyage. Il est l'unique exemplaire original au format A5. Veuillez indiquer le num\u00e9ro de page du dessin que vous souhaitez acqu\u00e9rir ou une description.<\/p>\n<p style=\"text-align: left;\">[blank_spacer height=&#8221;20px&#8221; width=&#8221;1\/1&#8243; el_position=&#8221;first last&#8221;]\n210 x 158 mm<br \/>\n[blank_spacer height=&#8221;20px&#8221; width=&#8221;1\/1&#8243; el_position=&#8221;first last&#8221;]","protected":false},"excerpt":{"rendered":"<p style=\"text-align: left;\">Ce dessin a \u00e9t\u00e9 r\u00e9alis\u00e9 sur le bateau lors du voyage. Il est l'unique exemplaire original au format A5. Veuillez indiquer le num\u00e9ro de page du dessin que vous souhaitez acqu\u00e9rir ou une description.<\/p>\n<p style=\"text-align: left;\">[blank_spacer height=&#8221;20px&#8221; width=&#8221;1\/1&#8243; el_position=&#8221;first last&#8221;]<br \/>\n210 x 158 mm<br \/>\n[blank_spacer height=&#8221;20px&#8221; width=&#8221;1\/1&#8243; el_position=&#8221;first last&#8221;]<\/p>","protected":false},"featured_media":7026,"comment_status":"closed","ping_status":"closed","template":"","meta":{"_links_to":"","_links_to_target":""},"product_brand":[],"product_cat":[79,29],"product_tag":[],"class_list":{"0":"post-6993","1":"product","2":"type-product","3":"status-publish","4":"has-post-thumbnail","6":"product_cat-lexpedition","7":"product_cat-original-prints","8":"product_shipping_class-small","10":"first","11":"instock","12":"taxable","13":"shipping-taxable","14":"purchasable","15":"product-type-simple"},"_links":{"self":[{"href":"https:\/\/www.maou.ch\/fr\/wp-json\/wp\/v2\/product\/6993","targetHints":{"allow":["GET"]}}],"collection":[{"href":"https:\/\/www.maou.ch\/fr\/wp-json\/wp\/v2\/product"}],"about":[{"href":"https:\/\/www.maou.ch\/fr\/wp-json\/wp\/v2\/types\/product"}],"replies":[{"embeddable":true,"href":"https:\/\/www.maou.ch\/fr\/wp-json\/wp\/v2\/comments?post=6993"}],"wp:featuredmedia":[{"embeddable":true,"href":"https:\/\/www.maou.ch\/fr\/wp-json\/wp\/v2\/media\/7026"}],"wp:attachment":[{"href":"https:\/\/www.maou.ch\/fr\/wp-json\/wp\/v2\/media?parent=6993"}],"wp:term":[{"taxonomy":"product_brand","embeddable":true,"href":"https:\/\/www.maou.ch\/fr\/wp-json\/wp\/v2\/product_brand?post=6993"},{"taxonomy":"product_cat","embeddable":true,"href":"https:\/\/www.maou.ch\/fr\/wp-json\/wp\/v2\/product_cat?post=6993"},{"taxonomy":"product_tag","embeddable":true,"href":"https:\/\/www.maou.ch\/fr\/wp-json\/wp\/v2\/product_tag?post=6993"}],"curies":[{"name":"wp","href":"https:\/\/api.w.org\/{rel}","templated":true}]}}