{"id":7183,"date":"2019-01-25T20:14:36","date_gmt":"2019-01-25T19:14:36","guid":{"rendered":"https:\/\/www.maou.ch\/?post_type=product&#038;p=7183"},"modified":"2023-01-23T16:15:10","modified_gmt":"2023-01-23T15:15:10","slug":"ghlino","status":"publish","type":"product","link":"https:\/\/www.maou.ch\/fr\/produit\/ghlino\/","title":{"rendered":"Lino A3+"},"content":{"rendered":"<div id=\"fb-root\"><\/div>\n<p>Linogravures r\u00e9alis\u00e9es pour illustrer \u00abLa Chronique Renart\u00bb, \u00e9crite par Yves Mugny, publi\u00e9e dans le journal suisse \u00abGauche Hebdo\u00bb.<\/p>\n[blank_spacer height=&#8221;30px&#8221; width=&#8221;1\/1&#8243; el_position=&#8221;first last&#8221;]\n<ul class=\"sf-list\">\n<li><i class=\"ss-heart\"><\/i><span>Chaque impression est num\u00e9rot\u00e9e et sign\u00e9e.<\/span><\/li>\n<li><i class=\"ss-heart\"><\/i><span>Format de la feuille 320\u00d7500 mm (A3).<\/span><\/li>\n<li><i class=\"ss-heart\"><\/i><span>Format du dessin 210\u00d7297 mm (A4).<\/span><\/li>\n<\/ul>\nPr\u00e9cisez quelle illustration vous souhaitez acqu\u00e9rir au moment de votre commande.<\/p>","protected":false},"excerpt":{"rendered":"<p>Linogravures r\u00e9alis\u00e9es pour illustrer \u00abLa Chronique Renart\u00bb, \u00e9crite par Yves Mugny, publi\u00e9e dans le journal suisse \u00abGauche Hebdo\u00bb.<\/p>\n<p>[blank_spacer height=&#8221;30px&#8221; width=&#8221;1\/1&#8243; el_position=&#8221;first last&#8221;]<br \/>\n[list]<br \/>\n[list_item icon=\"ss-heart\"]Each print is numbered and signed.[\/list_item]<br \/>\n[list_item icon=\"ss-heart\"]Paper size 320\u00d7500 mm (A3).[\/list_item]<br \/>\n[list_item icon=\"ss-heart\"]Drawing size 210\u00d7297 mm (A4).[\/list_item]<br \/>\n[\/list]<br \/>\nPr\u00e9cisez quelle illustration vous souhaitez acqu\u00e9rir au moment de votre commande.<\/p>","protected":false},"featured_media":7407,"comment_status":"closed","ping_status":"closed","template":"","meta":{"_links_to":"","_links_to_target":""},"product_brand":[],"product_cat":[29],"product_tag":[],"class_list":{"0":"post-7183","1":"product","2":"type-product","3":"status-publish","4":"has-post-thumbnail","6":"product_cat-original-prints","7":"product_shipping_class-medium","9":"first","10":"instock","11":"sale","12":"taxable","13":"shipping-taxable","14":"purchasable","15":"product-type-simple"},"_links":{"self":[{"href":"https:\/\/www.maou.ch\/fr\/wp-json\/wp\/v2\/product\/7183","targetHints":{"allow":["GET"]}}],"collection":[{"href":"https:\/\/www.maou.ch\/fr\/wp-json\/wp\/v2\/product"}],"about":[{"href":"https:\/\/www.maou.ch\/fr\/wp-json\/wp\/v2\/types\/product"}],"replies":[{"embeddable":true,"href":"https:\/\/www.maou.ch\/fr\/wp-json\/wp\/v2\/comments?post=7183"}],"wp:featuredmedia":[{"embeddable":true,"href":"https:\/\/www.maou.ch\/fr\/wp-json\/wp\/v2\/media\/7407"}],"wp:attachment":[{"href":"https:\/\/www.maou.ch\/fr\/wp-json\/wp\/v2\/media?parent=7183"}],"wp:term":[{"taxonomy":"product_brand","embeddable":true,"href":"https:\/\/www.maou.ch\/fr\/wp-json\/wp\/v2\/product_brand?post=7183"},{"taxonomy":"product_cat","embeddable":true,"href":"https:\/\/www.maou.ch\/fr\/wp-json\/wp\/v2\/product_cat?post=7183"},{"taxonomy":"product_tag","embeddable":true,"href":"https:\/\/www.maou.ch\/fr\/wp-json\/wp\/v2\/product_tag?post=7183"}],"curies":[{"name":"wp","href":"https:\/\/api.w.org\/{rel}","templated":true}]}}