{"id":7300,"date":"2019-03-26T12:58:47","date_gmt":"2019-03-26T11:58:47","guid":{"rendered":"https:\/\/www.maou.ch\/?post_type=product&#038;p=7300"},"modified":"2023-01-23T16:14:18","modified_gmt":"2023-01-23T15:14:18","slug":"la-buche-3","status":"publish","type":"product","link":"https:\/\/www.maou.ch\/fr\/produit\/la-buche-3\/","title":{"rendered":"La b\u00fbche #3"},"content":{"rendered":"<div id=\"fb-root\"><\/div>\n<div class=\"entry-content\">\n<div class=\"entry-content\">\n<p>La b\u00fbche #3 est sortie le 15 septembre 2017, \u00e0 l\u2019occasion de <a href=\"http:\/\/www.bdfil.ch\/\">Voir le site de BDFIL.<\/a>.<\/p>\n[blank_spacer height=&#8221;30px&#8221; width=&#8221;1\/1&#8243; el_position=&#8221;first last&#8221;]\n<p>Ce volume a \u00e9t\u00e9 short-list\u00e9 pour le Prix de la bande dessin\u00e9e alternative au <a href=\"http:\/\/www.bdangouleme.com\/1316,prix-de-la-bd-alternative-2018?article\">FIBD<\/a> (Angoul\u00eame 2018).<\/p>\n[blank_spacer height=&#8221;30px&#8221; width=&#8221;1\/1&#8243; el_position=&#8221;first last&#8221;]\n<p>Autrices: <a href=\"http:\/\/adeledafflon.blogspot.com\/\" target=\"_blank\" rel=\"noopener noreferrer\">Ad\u00e8le Dafflon<\/a>,\u00a0<a href=\"http:\/\/cecile-giovannini.com\/\">C\u00e9cile Giovannini<\/a>,\u00a0<a href=\"http:\/\/anouckfontaine.com\/\">Anouck Fontaine<\/a>,\u00a0<a href=\"http:\/\/instagram.com\/aurelia_calo\">Aur\u00e9lia Calo<\/a>,\u00a0<a href=\"http:\/\/berenicemilon.com\/\">B\u00e9r\u00e9nice Milon<\/a>,\u00a0<a href=\"http:\/\/arabellemirment.tumblr.com\/\">Marl\u00e8ne Egea-Lamberti<\/a>,\u00a0<a href=\"http:\/\/cilproduction.ch\/\">C\u00e9cile Koepfli<\/a>,\u00a0<a href=\"http:\/\/behance.net\/julietterechatin\">Juliette Rechatin<\/a>,\u00a0<a href=\"http:\/\/leoniebischoff.com\/\">L\u00e9onie Bischoff<\/a>,\u00a0<a href=\"http:\/\/margauxmara.com\/\">Mara<\/a>,\u00a0<a href=\"http:\/\/renatamartino.com\/\">Renata Martino<\/a>,\u00a0<a href=\"http:\/\/maudoihenart.weebly.com\/\">Maud O\u00efh\u00e9nart<\/a>,\u00a0<a href=\"http:\/\/mebou.blogspot.ch\/\">M\u00e9lanie Butty<\/a>,\u00a0<a href=\"http:\/\/louducatillon.tumblr.com\/\">Louise Ducatillon<\/a>,\u00a0<a href=\"http:\/\/milapictures.com\/\">Mireille Lachausse<\/a>,\u00a0<a href=\"http:\/\/ninacoursin.ch\/\">Nina Coursin<\/a>,\u00a0<a href=\"http:\/\/bdveronik.blogspot.ch\/\">VEKA<\/a>.<\/p>\n[blank_spacer height=&#8221;30px&#8221; width=&#8221;1\/1&#8243; el_position=&#8221;first last&#8221;]\n<p>A5, noir et blanc.<\/p>\n[blank_spacer height=&#8221;30px&#8221; width=&#8221;1\/1&#8243; el_position=&#8221;first last&#8221;]\n<p>L'int\u00e9gralit\u00e9 de l'ouvrage peut \u00eatre consult\u00e9 ici: <a href=\"https:\/\/la-buche.ch\/portfolio\/la-buche-3\">cliquez ici<\/a>.<\/p>\n<\/div>\n<\/div>","protected":false},"excerpt":{"rendered":"<div class=\"entry-content\">\n<div class=\"entry-content\">\n<div class=\"entry-content\">\n<div class=\"entry-content\">\n<div class=\"entry-content\">\n<div class=\"entry-content\">\n<p>La b\u00fbche #3 est sortie le 15 septembre 2017, \u00e0 l\u2019occasion de <a href=\"http:\/\/www.bdfil.ch\/\">Voir le site de BDFIL.<\/a>.<\/p>\n<p>[blank_spacer height=&#8221;30px&#8221; width=&#8221;1\/1&#8243; el_position=&#8221;first last&#8221;]<\/p>\n<p>Ce volume a \u00e9t\u00e9 short-list\u00e9 pour le Prix de la bande dessin\u00e9e alternative au <a href=\"http:\/\/www.bdangouleme.com\/1316,prix-de-la-bd-alternative-2018?article\">FIBD<\/a> (Angoul\u00eame 2018).<\/p>\n<p>[blank_spacer height=&#8221;30px&#8221; width=&#8221;1\/1&#8243; el_position=&#8221;first last&#8221;]<\/p>\n<p>Autrices: <a href=\"http:\/\/adeledafflon.blogspot.com\/\" target=\"_blank\" rel=\"noopener noreferrer\">Ad\u00e8le Dafflon<\/a>,\u00a0<a href=\"http:\/\/cecile-giovannini.com\/\">C\u00e9cile Giovannini<\/a>,\u00a0<a href=\"http:\/\/anouckfontaine.com\/\">Anouck Fontaine<\/a>,\u00a0<a href=\"http:\/\/instagram.com\/aurelia_calo\">Aur\u00e9lia Calo<\/a>,\u00a0<a href=\"http:\/\/berenicemilon.com\/\">B\u00e9r\u00e9nice Milon<\/a>,\u00a0<a href=\"http:\/\/arabellemirment.tumblr.com\/\">Marl\u00e8ne Egea-Lamberti<\/a>,\u00a0<a href=\"http:\/\/cilproduction.ch\/\">C\u00e9cile Koepfli<\/a>,\u00a0<a href=\"http:\/\/behance.net\/julietterechatin\">Juliette Rechatin<\/a>,\u00a0<a href=\"http:\/\/leoniebischoff.com\/\">L\u00e9onie Bischoff<\/a>,\u00a0<a href=\"http:\/\/margauxmara.com\/\">Mara<\/a>,\u00a0<a href=\"http:\/\/renatamartino.com\/\">Renata Martino<\/a>,\u00a0<a href=\"http:\/\/maudoihenart.weebly.com\/\">Maud O\u00efh\u00e9nart<\/a>,\u00a0<a href=\"http:\/\/mebou.blogspot.ch\/\">M\u00e9lanie Butty<\/a>,\u00a0<a href=\"http:\/\/louducatillon.tumblr.com\/\">Louise Ducatillon<\/a>,\u00a0<a href=\"http:\/\/milapictures.com\/\">Mireille Lachausse<\/a>,\u00a0<a href=\"http:\/\/ninacoursin.ch\/\">Nina Coursin<\/a>,\u00a0<a href=\"http:\/\/bdveronik.blogspot.ch\/\">VEKA<\/a>.<\/p>\n<p>[blank_spacer height=&#8221;30px&#8221; width=&#8221;1\/1&#8243; el_position=&#8221;first last&#8221;]<\/p>\n<p>A5, noir et blanc.<\/p>\n<p>[blank_spacer height=&#8221;30px&#8221; width=&#8221;1\/1&#8243; el_position=&#8221;first last&#8221;]<\/p>\n<p>L'int\u00e9gralit\u00e9 de l'ouvrage peut \u00eatre consult\u00e9 ici: <a href=\"https:\/\/la-buche.ch\/portfolio\/la-buche-3\">cliquez ici<\/a>.<\/p>\n<\/div>\n<\/div>\n<\/div>\n<\/div>\n<\/div>\n<\/div>","protected":false},"featured_media":8235,"comment_status":"closed","ping_status":"closed","template":"","meta":{"_links_to":"","_links_to_target":""},"product_brand":[],"product_cat":[27,84],"product_tag":[],"class_list":{"0":"post-7300","1":"product","2":"type-product","3":"status-publish","4":"has-post-thumbnail","6":"product_cat-bd","7":"product_cat-la-buche","8":"product_shipping_class-small","10":"first","11":"instock","12":"taxable","13":"shipping-taxable","14":"purchasable","15":"product-type-simple"},"_links":{"self":[{"href":"https:\/\/www.maou.ch\/fr\/wp-json\/wp\/v2\/product\/7300","targetHints":{"allow":["GET"]}}],"collection":[{"href":"https:\/\/www.maou.ch\/fr\/wp-json\/wp\/v2\/product"}],"about":[{"href":"https:\/\/www.maou.ch\/fr\/wp-json\/wp\/v2\/types\/product"}],"replies":[{"embeddable":true,"href":"https:\/\/www.maou.ch\/fr\/wp-json\/wp\/v2\/comments?post=7300"}],"wp:featuredmedia":[{"embeddable":true,"href":"https:\/\/www.maou.ch\/fr\/wp-json\/wp\/v2\/media\/8235"}],"wp:attachment":[{"href":"https:\/\/www.maou.ch\/fr\/wp-json\/wp\/v2\/media?parent=7300"}],"wp:term":[{"taxonomy":"product_brand","embeddable":true,"href":"https:\/\/www.maou.ch\/fr\/wp-json\/wp\/v2\/product_brand?post=7300"},{"taxonomy":"product_cat","embeddable":true,"href":"https:\/\/www.maou.ch\/fr\/wp-json\/wp\/v2\/product_cat?post=7300"},{"taxonomy":"product_tag","embeddable":true,"href":"https:\/\/www.maou.ch\/fr\/wp-json\/wp\/v2\/product_tag?post=7300"}],"curies":[{"name":"wp","href":"https:\/\/api.w.org\/{rel}","templated":true}]}}