{"id":7435,"date":"2019-06-20T14:58:52","date_gmt":"2019-06-20T13:58:52","guid":{"rendered":"https:\/\/www.maou.ch\/?post_type=product&#038;p=7435"},"modified":"2024-10-01T18:14:02","modified_gmt":"2024-10-01T17:14:02","slug":"monstre","status":"publish","type":"product","link":"https:\/\/www.maou.ch\/fr\/produit\/monstre\/","title":{"rendered":"Lino 50\u00d732cm"},"content":{"rendered":"<div id=\"fb-root\"><\/div>\n<ul class=\"sf-list\">\n<li><i class=\"ss-heart\"><\/i><span>Chaque impression est num\u00e9rot\u00e9e et sign\u00e9e.<\/span><\/li>\n<li><i class=\"ss-heart\"><\/i><span>Format de la feuille 320\u00d7500 mm (A3).<\/span><\/li>\n<li><i class=\"ss-heart\"><\/i><span>Format du dessin 210\u00d7297 mm (A4).<\/span><\/li>\n<li><i class=\"ss-heart\"><\/i><span>Pr\u00e9cisez quelle illustration vous souhaitez acqu\u00e9rir au moment de votre commande.<\/span><\/li>\n<\/ul>","protected":false},"excerpt":{"rendered":"[list]<br \/>\n[list_item icon=\"ss-heart\"]Each print is numbered and signed.[\/list_item]<br \/>\n[list_item icon=\"ss-heart\"]Paper size 320\u00d7500 mm (A3).[\/list_item]<br \/>\n[list_item icon=\"ss-heart\"]Drawing size 210\u00d7297 mm (A4).[\/list_item]<br \/>\n[list_item icon=\"ss-heart\"]Please precise which print you would like to buy when you order.[\/list_item]<br \/>\n[\/list]","protected":false},"featured_media":7411,"comment_status":"closed","ping_status":"closed","template":"","meta":{"_links_to":"","_links_to_target":""},"product_brand":[],"product_cat":[29],"product_tag":[],"class_list":{"0":"post-7435","1":"product","2":"type-product","3":"status-publish","4":"has-post-thumbnail","6":"product_cat-original-prints","7":"product_shipping_class-large","9":"first","10":"onbackorder","11":"sale","12":"taxable","13":"shipping-taxable","14":"purchasable","15":"product-type-simple"},"_links":{"self":[{"href":"https:\/\/www.maou.ch\/fr\/wp-json\/wp\/v2\/product\/7435","targetHints":{"allow":["GET"]}}],"collection":[{"href":"https:\/\/www.maou.ch\/fr\/wp-json\/wp\/v2\/product"}],"about":[{"href":"https:\/\/www.maou.ch\/fr\/wp-json\/wp\/v2\/types\/product"}],"replies":[{"embeddable":true,"href":"https:\/\/www.maou.ch\/fr\/wp-json\/wp\/v2\/comments?post=7435"}],"wp:featuredmedia":[{"embeddable":true,"href":"https:\/\/www.maou.ch\/fr\/wp-json\/wp\/v2\/media\/7411"}],"wp:attachment":[{"href":"https:\/\/www.maou.ch\/fr\/wp-json\/wp\/v2\/media?parent=7435"}],"wp:term":[{"taxonomy":"product_brand","embeddable":true,"href":"https:\/\/www.maou.ch\/fr\/wp-json\/wp\/v2\/product_brand?post=7435"},{"taxonomy":"product_cat","embeddable":true,"href":"https:\/\/www.maou.ch\/fr\/wp-json\/wp\/v2\/product_cat?post=7435"},{"taxonomy":"product_tag","embeddable":true,"href":"https:\/\/www.maou.ch\/fr\/wp-json\/wp\/v2\/product_tag?post=7435"}],"curies":[{"name":"wp","href":"https:\/\/api.w.org\/{rel}","templated":true}]}}