{"id":7436,"date":"2019-06-20T15:04:52","date_gmt":"2019-06-20T14:04:52","guid":{"rendered":"https:\/\/www.maou.ch\/?post_type=product&#038;p=7436"},"modified":"2023-01-23T16:42:37","modified_gmt":"2023-01-23T15:42:37","slug":"monstre-grand","status":"publish","type":"product","link":"https:\/\/www.maou.ch\/fr\/produit\/monstre-grand\/","title":{"rendered":"Lino 60\u00d740cm"},"content":{"rendered":"<div id=\"fb-root\"><\/div>\n<ul class=\"sf-list\">\n<li><i class=\"ss-heart\"><\/i><span>Chaque impression est num\u00e9rot\u00e9e et sign\u00e9e.<\/span><\/li>\n<li><i class=\"ss-heart\"><\/i><span>Format 600\u00d7400 mm (A3).<\/span><\/li>\n<li><i class=\"ss-heart\"><\/i><span>Pr\u00e9cisez quelle illustration vous souhaitez acqu\u00e9rir au moment de votre commande.<\/span><\/li>\n<\/ul>","protected":false},"excerpt":{"rendered":"[list]<br \/>\n[list_item icon=\"ss-heart\"]Each print is numbered and signed[\/list_item]<br \/>\n[list_item icon=\"ss-heart\"]Paper size 400\u00d7600 mm[\/list_item]<br \/>\n[list_item icon=\"ss-heart\"]Please precise which print you would like to buy when you order[\/list_item]<br \/>\n[\/list]","protected":false},"featured_media":7414,"comment_status":"closed","ping_status":"closed","template":"","meta":{"_links_to":"","_links_to_target":""},"product_brand":[],"product_cat":[29],"product_tag":[],"class_list":{"0":"post-7436","1":"product","2":"type-product","3":"status-publish","4":"has-post-thumbnail","6":"product_cat-original-prints","7":"product_shipping_class-large","9":"first","10":"instock","11":"sale","12":"taxable","13":"shipping-taxable","14":"purchasable","15":"product-type-simple"},"_links":{"self":[{"href":"https:\/\/www.maou.ch\/fr\/wp-json\/wp\/v2\/product\/7436","targetHints":{"allow":["GET"]}}],"collection":[{"href":"https:\/\/www.maou.ch\/fr\/wp-json\/wp\/v2\/product"}],"about":[{"href":"https:\/\/www.maou.ch\/fr\/wp-json\/wp\/v2\/types\/product"}],"replies":[{"embeddable":true,"href":"https:\/\/www.maou.ch\/fr\/wp-json\/wp\/v2\/comments?post=7436"}],"wp:featuredmedia":[{"embeddable":true,"href":"https:\/\/www.maou.ch\/fr\/wp-json\/wp\/v2\/media\/7414"}],"wp:attachment":[{"href":"https:\/\/www.maou.ch\/fr\/wp-json\/wp\/v2\/media?parent=7436"}],"wp:term":[{"taxonomy":"product_brand","embeddable":true,"href":"https:\/\/www.maou.ch\/fr\/wp-json\/wp\/v2\/product_brand?post=7436"},{"taxonomy":"product_cat","embeddable":true,"href":"https:\/\/www.maou.ch\/fr\/wp-json\/wp\/v2\/product_cat?post=7436"},{"taxonomy":"product_tag","embeddable":true,"href":"https:\/\/www.maou.ch\/fr\/wp-json\/wp\/v2\/product_tag?post=7436"}],"curies":[{"name":"wp","href":"https:\/\/api.w.org\/{rel}","templated":true}]}}