{"id":7547,"date":"2019-11-17T11:33:10","date_gmt":"2019-11-17T10:33:10","guid":{"rendered":"https:\/\/www.maou.ch\/?post_type=product&#038;p=7547"},"modified":"2023-01-23T17:14:40","modified_gmt":"2023-01-23T16:14:40","slug":"la-greve","status":"publish","type":"product","link":"https:\/\/www.maou.ch\/fr\/produit\/la-greve\/","title":{"rendered":"La Gr\u00e8ve"},"content":{"rendered":"<div id=\"fb-root\"><\/div>\n<p>La Gr\u00e8ve. Fanzine 2019. \u00c0 la veille de la gr\u00e8ve des femmes du 14 juin 2019 en Suisse, nous avons saisi nos crayons. Sur invitation du festival Del\u00e9mont\u2019BD, huit des cr\u00e9atrices du collectif, accompagn\u00e9es par l\u2019invit\u00e9e d\u2019honneur du festival, Lisa Mandel, ont enqu\u00eat\u00e9 sur la perception du mouvement par les Del\u00e9montain-e-s. R\u00e9alis\u00e9 en un temps record, sur la journ\u00e9e du 13 juin, ce fanzine est le r\u00e9sultat de ces rencontres. L\u2019\u00e9dition du Quotidien jurassien du 15 juin en a reproduit un extrait dans son cahier sp\u00e9cial gr\u00e8ve.<\/p>\n[blank_spacer height=&#8221;30px&#8221; width=&#8221;1\/1&#8243; el_position=&#8221;first last&#8221;]\n<div class=\"entry-content\">\n<p>With\u2009: L\u00e9andre Ackermann \/ Anda \/ L\u00e9onie Bischoff \/ Jenay \/ Mireille Lachausse \/ Lisa Mandel \/ Maou \/ Fanny Vaucher \/ No\u00e9mie Weber.<\/p>\n[blank_spacer height=&#8221;30px&#8221; width=&#8221;1\/1&#8243; el_position=&#8221;first last&#8221;]\n<p>Langue: fran\u00e7ais.<\/p>\n[blank_spacer height=&#8221;30px&#8221; width=&#8221;1\/1&#8243; el_position=&#8221;first last&#8221;]\n<p>A5, noir et blanc.<\/p>\n[blank_spacer height=&#8221;30px&#8221; width=&#8221;1\/1&#8243; el_position=&#8221;first last&#8221;]\n<p>L'int\u00e9gralit\u00e9 de l'ouvrage peut \u00eatre consult\u00e9 ici: <a href=\"https:\/\/la-buche.ch\/portfolio\/la-greve\">cliquez ici<\/a>.<\/p>\n<\/div>","protected":false},"excerpt":{"rendered":"<p>La Gr\u00e8ve. Fanzine 2019. \u00c0 la veille de la gr\u00e8ve des femmes du 14 juin 2019 en Suisse, nous avons saisi nos crayons. Sur invitation du festival Del\u00e9mont\u2019BD, huit des cr\u00e9atrices du collectif, accompagn\u00e9es par l\u2019invit\u00e9e d\u2019honneur du festival, Lisa Mandel, ont enqu\u00eat\u00e9 sur la perception du mouvement par les Del\u00e9montain-e-s. R\u00e9alis\u00e9 en un temps record, sur la journ\u00e9e du 13 juin, ce fanzine est le r\u00e9sultat de ces rencontres. L\u2019\u00e9dition du Quotidien jurassien du 15 juin en a reproduit un extrait dans son cahier sp\u00e9cial gr\u00e8ve.<\/p>\n<p>[blank_spacer height=&#8221;30px&#8221; width=&#8221;1\/1&#8243; el_position=&#8221;first last&#8221;]<\/p>\n<div class=\"entry-content\">\n<p>With\u2009: L\u00e9andre Ackermann \/ Anda \/ L\u00e9onie Bischoff \/ Jenay \/ Mireille Lachausse \/ Lisa Mandel \/ Maou \/ Fanny Vaucher \/ No\u00e9mie Weber.<\/p>\n<p>[blank_spacer height=&#8221;30px&#8221; width=&#8221;1\/1&#8243; el_position=&#8221;first last&#8221;]<\/p>\n<p>Langue: fran\u00e7ais.<\/p>\n<p>[blank_spacer height=&#8221;30px&#8221; width=&#8221;1\/1&#8243; el_position=&#8221;first last&#8221;]<\/p>\n<p>A5, noir et blanc.<\/p>\n<p>[blank_spacer height=&#8221;30px&#8221; width=&#8221;1\/1&#8243; el_position=&#8221;first last&#8221;]<\/p>\n<p>L'int\u00e9gralit\u00e9 de l'ouvrage peut \u00eatre consult\u00e9 ici: <a href=\"https:\/\/la-buche.ch\/portfolio\/la-greve\">cliquez ici<\/a>.<\/p>\n<\/div>","protected":false},"featured_media":7463,"comment_status":"closed","ping_status":"closed","template":"","meta":{"_links_to":"","_links_to_target":""},"product_brand":[],"product_cat":[27,84],"product_tag":[],"class_list":{"0":"post-7547","1":"product","2":"type-product","3":"status-publish","4":"has-post-thumbnail","6":"product_cat-bd","7":"product_cat-la-buche","8":"product_shipping_class-small","10":"first","11":"outofstock","12":"taxable","13":"shipping-taxable","14":"purchasable","15":"product-type-simple"},"_links":{"self":[{"href":"https:\/\/www.maou.ch\/fr\/wp-json\/wp\/v2\/product\/7547","targetHints":{"allow":["GET"]}}],"collection":[{"href":"https:\/\/www.maou.ch\/fr\/wp-json\/wp\/v2\/product"}],"about":[{"href":"https:\/\/www.maou.ch\/fr\/wp-json\/wp\/v2\/types\/product"}],"replies":[{"embeddable":true,"href":"https:\/\/www.maou.ch\/fr\/wp-json\/wp\/v2\/comments?post=7547"}],"wp:featuredmedia":[{"embeddable":true,"href":"https:\/\/www.maou.ch\/fr\/wp-json\/wp\/v2\/media\/7463"}],"wp:attachment":[{"href":"https:\/\/www.maou.ch\/fr\/wp-json\/wp\/v2\/media?parent=7547"}],"wp:term":[{"taxonomy":"product_brand","embeddable":true,"href":"https:\/\/www.maou.ch\/fr\/wp-json\/wp\/v2\/product_brand?post=7547"},{"taxonomy":"product_cat","embeddable":true,"href":"https:\/\/www.maou.ch\/fr\/wp-json\/wp\/v2\/product_cat?post=7547"},{"taxonomy":"product_tag","embeddable":true,"href":"https:\/\/www.maou.ch\/fr\/wp-json\/wp\/v2\/product_tag?post=7547"}],"curies":[{"name":"wp","href":"https:\/\/api.w.org\/{rel}","templated":true}]}}