{"id":7548,"date":"2019-11-17T11:44:59","date_gmt":"2019-11-17T10:44:59","guid":{"rendered":"https:\/\/www.maou.ch\/?post_type=product&#038;p=7548"},"modified":"2023-01-23T17:14:28","modified_gmt":"2023-01-23T16:14:28","slug":"le-cachot","status":"publish","type":"product","link":"https:\/\/www.maou.ch\/fr\/produit\/le-cachot\/","title":{"rendered":"Le Cachot"},"content":{"rendered":"<div id=\"fb-root\"><\/div>\n<div class=\"entry-content\">\n<p>Le Cachot. Fanzine, 2019. Durant une semaine de la mi-ao\u00fbt, une douzaine de b\u00fbcheuses ont eu la chance d\u2019\u00eatre en r\u00e9sidence \u00e0 la Fondation du Grand-Cachot-de-Vent, dans le Jura neuch\u00e2telois, et d\u2019y cr\u00e9er ensemble un fanzine inspir\u00e9 de ce lieu hors du commun.<\/p>\n[blank_spacer height=&#8221;30px&#8221; width=&#8221;1\/1&#8243; el_position=&#8221;first last&#8221;]\n<p>Autrices\u2009: L\u00e9andre Ackermann, Marie-Morgane Adatte, Maou, Anouck Fontaine, Nathalie G\u00fcr, Odrade, Les Soeurs For\u00eat Noire, Anda, M\u00e9lanie Butty, Mireille Lachausse et Maud O.<\/p>\n[blank_spacer height=&#8221;30px&#8221; width=&#8221;1\/1&#8243; el_position=&#8221;first last&#8221;]\n<p>Langue: fran\u00e7ais.<\/p>\n[blank_spacer height=&#8221;30px&#8221; width=&#8221;1\/1&#8243; el_position=&#8221;first last&#8221;]\n<p>A5, noir et blanc.<\/p>\n[blank_spacer height=&#8221;30px&#8221; width=&#8221;1\/1&#8243; el_position=&#8221;first last&#8221;]\n<p>L'int\u00e9gralit\u00e9 de l'ouvrage peut \u00eatre consult\u00e9 ici: <a href=\"https:\/\/la-buche.ch\/portfolio\/le-cachot\">click here.<\/a><\/p>\n<\/div>","protected":false},"excerpt":{"rendered":"<div class=\"entry-content\">\n<div class=\"entry-content\">\n<div class=\"entry-content\">\n<p>Le Cachot. Fanzine, 2019. Durant une semaine de la mi-ao\u00fbt, une douzaine de b\u00fbcheuses ont eu la chance d\u2019\u00eatre en r\u00e9sidence \u00e0 la Fondation du Grand-Cachot-de-Vent, dans le Jura neuch\u00e2telois, et d\u2019y cr\u00e9er ensemble un fanzine inspir\u00e9 de ce lieu hors du commun.<\/p>\n<p>[blank_spacer height=&#8221;30px&#8221; width=&#8221;1\/1&#8243; el_position=&#8221;first last&#8221;]<\/p>\n<p>Autrices\u2009: L\u00e9andre Ackermann, Marie-Morgane Adatte, Maou, Anouck Fontaine, Nathalie G\u00fcr, Odrade, Les Soeurs For\u00eat Noire, Anda, M\u00e9lanie Butty, Mireille Lachausse et Maud O.<\/p>\n<p>[blank_spacer height=&#8221;30px&#8221; width=&#8221;1\/1&#8243; el_position=&#8221;first last&#8221;]<\/p>\n<p>Langue: fran\u00e7ais.<\/p>\n<p>[blank_spacer height=&#8221;30px&#8221; width=&#8221;1\/1&#8243; el_position=&#8221;first last&#8221;]<\/p>\n<p>A5, noir et blanc.<\/p>\n<p>[blank_spacer height=&#8221;30px&#8221; width=&#8221;1\/1&#8243; el_position=&#8221;first last&#8221;]<\/p>\n<p>L'int\u00e9gralit\u00e9 de l'ouvrage peut \u00eatre consult\u00e9 ici: <a href=\"https:\/\/la-buche.ch\/portfolio\/le-cachot\">click here.<\/a><\/p>\n<\/div>\n<\/div>\n<\/div>","protected":false},"featured_media":7549,"comment_status":"closed","ping_status":"closed","template":"","meta":{"_links_to":"","_links_to_target":""},"product_brand":[],"product_cat":[27,84],"product_tag":[],"class_list":{"0":"post-7548","1":"product","2":"type-product","3":"status-publish","4":"has-post-thumbnail","6":"product_cat-bd","7":"product_cat-la-buche","8":"product_shipping_class-small","10":"first","11":"outofstock","12":"taxable","13":"shipping-taxable","14":"purchasable","15":"product-type-simple"},"_links":{"self":[{"href":"https:\/\/www.maou.ch\/fr\/wp-json\/wp\/v2\/product\/7548","targetHints":{"allow":["GET"]}}],"collection":[{"href":"https:\/\/www.maou.ch\/fr\/wp-json\/wp\/v2\/product"}],"about":[{"href":"https:\/\/www.maou.ch\/fr\/wp-json\/wp\/v2\/types\/product"}],"replies":[{"embeddable":true,"href":"https:\/\/www.maou.ch\/fr\/wp-json\/wp\/v2\/comments?post=7548"}],"wp:featuredmedia":[{"embeddable":true,"href":"https:\/\/www.maou.ch\/fr\/wp-json\/wp\/v2\/media\/7549"}],"wp:attachment":[{"href":"https:\/\/www.maou.ch\/fr\/wp-json\/wp\/v2\/media?parent=7548"}],"wp:term":[{"taxonomy":"product_brand","embeddable":true,"href":"https:\/\/www.maou.ch\/fr\/wp-json\/wp\/v2\/product_brand?post=7548"},{"taxonomy":"product_cat","embeddable":true,"href":"https:\/\/www.maou.ch\/fr\/wp-json\/wp\/v2\/product_cat?post=7548"},{"taxonomy":"product_tag","embeddable":true,"href":"https:\/\/www.maou.ch\/fr\/wp-json\/wp\/v2\/product_tag?post=7548"}],"curies":[{"name":"wp","href":"https:\/\/api.w.org\/{rel}","templated":true}]}}