{"id":7557,"date":"2019-11-17T11:54:35","date_gmt":"2019-11-17T10:54:35","guid":{"rendered":"https:\/\/www.maou.ch\/?post_type=product&#038;p=7557"},"modified":"2023-01-23T17:14:17","modified_gmt":"2023-01-23T16:14:17","slug":"being-a-woman-artist","status":"publish","type":"product","link":"https:\/\/www.maou.ch\/fr\/produit\/being-a-woman-artist\/","title":{"rendered":"Being a woman artist"},"content":{"rendered":"<div id=\"fb-root\"><\/div>\n<div class=\"entry-content\">\n<p>A collaboration with &#8220;<a href=\"https:\/\/www.lescreatives.ch\/\">Les Creatives Festival<\/a>&#8221; in Geneva.<\/p>\n[blank_spacer height=&#8221;30px&#8221; width=&#8221;1\/1&#8243; el_position=&#8221;first last&#8221;]\n<p>Autrices\u2009: Alma Ka, Am\u00e9lie Strobino, Anne Bory, Anouck Fontaine, B\u00e9r\u00e9nice Milon, C\u00e9cile Giovannini, C\u00e9cile Koepfli, Ga\u00eblle Vejlupek, Katharina Kreil, Katia Orlandi, L\u00e9andre Ackermann, Marie Lavis, Marie-Morgane Adatte, Maud O\u00efh\u00e9nart, Megane Chikhani, M\u00e9lanie Butty, Maou, Nidonite, Nina Coursin, Renata Martino, Sarah Najjar, Vamille.<\/p>\n[blank_spacer height=&#8221;30px&#8221; width=&#8221;1\/1&#8243; el_position=&#8221;first last&#8221;]\n<p>Langue: fran\u00e7ais.<\/p>\n[blank_spacer height=&#8221;30px&#8221; width=&#8221;1\/1&#8243; el_position=&#8221;first last&#8221;]\n<p>L'int\u00e9gralit\u00e9 de l'ouvrage peut \u00eatre consult\u00e9 ici: <a href=\"https:\/\/la-buche.ch\/portfolio\/les-creatives\">click here.<\/a><\/p>\n<\/div>","protected":false},"excerpt":{"rendered":"<div class=\"entry-content\">\n<p>A collaboration with &#8220;<a href=\"https:\/\/www.lescreatives.ch\/\">Les Creatives Festival<\/a>&#8221; in Geneva.<\/p>\n<p>[blank_spacer height=&#8221;30px&#8221; width=&#8221;1\/1&#8243; el_position=&#8221;first last&#8221;]<\/p>\n<p>Autrices\u2009: Alma Ka, Am\u00e9lie Strobino, Anne Bory, Anouck Fontaine, B\u00e9r\u00e9nice Milon, C\u00e9cile Giovannini, C\u00e9cile Koepfli, Ga\u00eblle Vejlupek, Katharina Kreil, Katia Orlandi, L\u00e9andre Ackermann, Marie Lavis, Marie-Morgane Adatte, Maud O\u00efh\u00e9nart, Megane Chikhani, M\u00e9lanie Butty, Maou, Nidonite, Nina Coursin, Renata Martino, Sarah Najjar, Vamille.<\/p>\n<p>[blank_spacer height=&#8221;30px&#8221; width=&#8221;1\/1&#8243; el_position=&#8221;first last&#8221;]<\/p>\n<p>Langue: fran\u00e7ais.<\/p>\n<p>[blank_spacer height=&#8221;30px&#8221; width=&#8221;1\/1&#8243; el_position=&#8221;first last&#8221;]<\/p>\n<p>L'int\u00e9gralit\u00e9 de l'ouvrage peut \u00eatre consult\u00e9 ici: <a href=\"https:\/\/la-buche.ch\/portfolio\/les-creatives\">click here.<\/a><\/p>\n<\/div>","protected":false},"featured_media":7558,"comment_status":"closed","ping_status":"closed","template":"","meta":{"_links_to":"","_links_to_target":""},"product_brand":[],"product_cat":[27,84],"product_tag":[],"class_list":{"0":"post-7557","1":"product","2":"type-product","3":"status-publish","4":"has-post-thumbnail","6":"product_cat-bd","7":"product_cat-la-buche","8":"product_shipping_class-medium","10":"first","11":"outofstock","12":"taxable","13":"shipping-taxable","14":"purchasable","15":"product-type-simple"},"_links":{"self":[{"href":"https:\/\/www.maou.ch\/fr\/wp-json\/wp\/v2\/product\/7557","targetHints":{"allow":["GET"]}}],"collection":[{"href":"https:\/\/www.maou.ch\/fr\/wp-json\/wp\/v2\/product"}],"about":[{"href":"https:\/\/www.maou.ch\/fr\/wp-json\/wp\/v2\/types\/product"}],"replies":[{"embeddable":true,"href":"https:\/\/www.maou.ch\/fr\/wp-json\/wp\/v2\/comments?post=7557"}],"wp:featuredmedia":[{"embeddable":true,"href":"https:\/\/www.maou.ch\/fr\/wp-json\/wp\/v2\/media\/7558"}],"wp:attachment":[{"href":"https:\/\/www.maou.ch\/fr\/wp-json\/wp\/v2\/media?parent=7557"}],"wp:term":[{"taxonomy":"product_brand","embeddable":true,"href":"https:\/\/www.maou.ch\/fr\/wp-json\/wp\/v2\/product_brand?post=7557"},{"taxonomy":"product_cat","embeddable":true,"href":"https:\/\/www.maou.ch\/fr\/wp-json\/wp\/v2\/product_cat?post=7557"},{"taxonomy":"product_tag","embeddable":true,"href":"https:\/\/www.maou.ch\/fr\/wp-json\/wp\/v2\/product_tag?post=7557"}],"curies":[{"name":"wp","href":"https:\/\/api.w.org\/{rel}","templated":true}]}}