{"id":7562,"date":"2019-11-17T12:03:41","date_gmt":"2019-11-17T11:03:41","guid":{"rendered":"https:\/\/www.maou.ch\/?post_type=product&#038;p=7562"},"modified":"2023-09-04T13:25:01","modified_gmt":"2023-09-04T12:25:01","slug":"ceramics","status":"publish","type":"product","link":"https:\/\/www.maou.ch\/fr\/produit\/ceramics\/","title":{"rendered":"C\u00e9ramique artisanale"},"content":{"rendered":"<div id=\"fb-root\"><\/div>\n<p>Collaboration with the swiss ceramist Noxuu to create unique ceramic pieces. Those little pieces of art are very fragile and capricious so we can not guarantee to deliver an item for a precise due date but we can do our best to do so if you contact us soon enough!<br \/>\n<ul class=\"sf-list\">[blank_spacer height=&#8221;30px&#8221; width=&#8221;1\/1&#8243; el_position=&#8221;first last&#8221;]\n<li><i class=\"ss-heart\"><\/i><span>R\u00e9siste au lave-vaisselle.<\/span><\/li>\n<li><i class=\"ss-heart\"><\/i><span>Pi\u00e8ces uniques enti\u00e8rement r\u00e9alis\u00e9es \u00e0 la main.<\/span><\/li>\n<li><i class=\"ss-heart\"><\/i><span>Fait main en Suisse entre Lausanne et Renens.<\/span><\/li>\n<li><i class=\"ss-heart\"><\/i><span>Quel animal ou quelle couleur vous ferait plaisir?<\/span><\/li>\n<li><i class=\"ss-heart\"><\/i><span>\u00c9crivez-moi et votre r\u00eave deviendra r\u00e9alit\u00e9!<\/span><\/li>\n<\/ul>\n<a class=\"sf-button standard accent standard\" href=\"https:\/\/www.maou.ch\/fr\/contact\/\" target=\"_self\"><span class=\"text\">Envoyer un message<\/span><\/a>","protected":false},"excerpt":{"rendered":"<p>Collaboration with the swiss ceramist Noxuu to create unique ceramic pieces. Those little pieces of art are very fragile and capricious so we can not guarantee to deliver an item for a precise due date but we can do our best to do so if you contact us soon enough!<br \/>\n[list][blank_spacer height=&#8221;30px&#8221; width=&#8221;1\/1&#8243; el_position=&#8221;first last&#8221;]<br \/>\n[list_item icon=\"ss-heart\"]Dishwasher proof[\/list_item]<br \/>\n[list_item icon=\"ss-heart\"]Unique handmade pieces[\/list_item]<br \/>\n[list_item icon=\"ss-heart\"]Made in Switzerland, between Lausanne and Renens.[\/list_item]<br \/>\n[list_item icon=\"ss-heart\"]What color and animal would you like?[\/list_item]<br \/>\n[list_item icon=\"ss-heart\"]Just send me a message with your wishes and we will make it happen![\/list_item]<br \/>\n[\/list]<\/p>\n[sf_button colour=\"accent\" type=\"standard\" size=\"standard\" link=\"https:\/\/www.maou.ch\/contact\/\" target=\"_self\" icon=\"\" dropshadow=\"no\" extraclass=\"\"]Send me a message[\/sf_button]","protected":false},"featured_media":8116,"comment_status":"closed","ping_status":"closed","template":"","meta":{"_links_to":"","_links_to_target":""},"product_brand":[],"product_cat":[28],"product_tag":[],"class_list":{"0":"post-7562","1":"product","2":"type-product","3":"status-publish","4":"has-post-thumbnail","6":"product_cat-accessories","8":"first","9":"onbackorder","10":"taxable","11":"shipping-taxable","12":"product-type-simple"},"_links":{"self":[{"href":"https:\/\/www.maou.ch\/fr\/wp-json\/wp\/v2\/product\/7562","targetHints":{"allow":["GET"]}}],"collection":[{"href":"https:\/\/www.maou.ch\/fr\/wp-json\/wp\/v2\/product"}],"about":[{"href":"https:\/\/www.maou.ch\/fr\/wp-json\/wp\/v2\/types\/product"}],"replies":[{"embeddable":true,"href":"https:\/\/www.maou.ch\/fr\/wp-json\/wp\/v2\/comments?post=7562"}],"wp:featuredmedia":[{"embeddable":true,"href":"https:\/\/www.maou.ch\/fr\/wp-json\/wp\/v2\/media\/8116"}],"wp:attachment":[{"href":"https:\/\/www.maou.ch\/fr\/wp-json\/wp\/v2\/media?parent=7562"}],"wp:term":[{"taxonomy":"product_brand","embeddable":true,"href":"https:\/\/www.maou.ch\/fr\/wp-json\/wp\/v2\/product_brand?post=7562"},{"taxonomy":"product_cat","embeddable":true,"href":"https:\/\/www.maou.ch\/fr\/wp-json\/wp\/v2\/product_cat?post=7562"},{"taxonomy":"product_tag","embeddable":true,"href":"https:\/\/www.maou.ch\/fr\/wp-json\/wp\/v2\/product_tag?post=7562"}],"curies":[{"name":"wp","href":"https:\/\/api.w.org\/{rel}","templated":true}]}}