{"id":7596,"date":"2019-11-17T13:24:08","date_gmt":"2019-11-17T12:24:08","guid":{"rendered":"https:\/\/www.maou.ch\/?post_type=product&#038;p=7596"},"modified":"2023-01-23T16:41:49","modified_gmt":"2023-01-23T15:41:49","slug":"reproduction","status":"publish","type":"product","link":"https:\/\/www.maou.ch\/fr\/produit\/reproduction\/","title":{"rendered":"L\u2019exp\u00e9dition \u2013 impression"},"content":{"rendered":"<div id=\"fb-root\"><\/div>\n<ul class=\"sf-list\">\n<li><i class=\"ss-heart\"><\/i><span>Reproduction imprim\u00e9e et num\u00e9rot\u00e9e d'un des dessins r\u00e9alis\u00e9 \u00e0 bord du bateau.<\/span><\/li>\n<li><i class=\"ss-heart\"><\/i><span>A4 (21\u00d729,7 cm) or A3 (42\u00d729,7cm)<\/span><\/li>\n<li><i class=\"ss-heart\"><\/i><span>Veuillez svp indiquer le num\u00e9ro de page du dessin que vous souhaitez acheter ou envoyer une description du dessin lors de votre commande.<\/span><\/li>\n<\/ul>","protected":false},"excerpt":{"rendered":"[list]<br \/>\n[list_item icon=\"ss-heart\"]Print of a drawing made on the boat[\/list_item]<br \/>\n[list_item icon=\"ss-heart\"]A4 (21\u00d729,7 cm) or A3 (42\u00d729,7cm)[\/list_item]<br \/>\n[list_item icon=\"ss-heart\"]Please refer to the fanzine and indicate the page number of the drawing you would like to buy or a short description of it.[\/list_item]<br \/>\n[\/list]","protected":false},"featured_media":7026,"comment_status":"closed","ping_status":"closed","template":"","meta":{"_links_to":"","_links_to_target":""},"product_brand":[],"product_cat":[79,29],"product_tag":[],"class_list":{"0":"post-7596","1":"product","2":"type-product","3":"status-publish","4":"has-post-thumbnail","6":"product_cat-lexpedition","7":"product_cat-original-prints","8":"product_shipping_class-medium","10":"first","11":"instock","12":"taxable","13":"shipping-taxable","14":"purchasable","15":"product-type-variable"},"_links":{"self":[{"href":"https:\/\/www.maou.ch\/fr\/wp-json\/wp\/v2\/product\/7596","targetHints":{"allow":["GET"]}}],"collection":[{"href":"https:\/\/www.maou.ch\/fr\/wp-json\/wp\/v2\/product"}],"about":[{"href":"https:\/\/www.maou.ch\/fr\/wp-json\/wp\/v2\/types\/product"}],"replies":[{"embeddable":true,"href":"https:\/\/www.maou.ch\/fr\/wp-json\/wp\/v2\/comments?post=7596"}],"wp:featuredmedia":[{"embeddable":true,"href":"https:\/\/www.maou.ch\/fr\/wp-json\/wp\/v2\/media\/7026"}],"wp:attachment":[{"href":"https:\/\/www.maou.ch\/fr\/wp-json\/wp\/v2\/media?parent=7596"}],"wp:term":[{"taxonomy":"product_brand","embeddable":true,"href":"https:\/\/www.maou.ch\/fr\/wp-json\/wp\/v2\/product_brand?post=7596"},{"taxonomy":"product_cat","embeddable":true,"href":"https:\/\/www.maou.ch\/fr\/wp-json\/wp\/v2\/product_cat?post=7596"},{"taxonomy":"product_tag","embeddable":true,"href":"https:\/\/www.maou.ch\/fr\/wp-json\/wp\/v2\/product_tag?post=7596"}],"curies":[{"name":"wp","href":"https:\/\/api.w.org\/{rel}","templated":true}]}}