{"id":7614,"date":"2019-11-17T14:22:53","date_gmt":"2019-11-17T13:22:53","guid":{"rendered":"https:\/\/www.maou.ch\/?post_type=product&#038;p=7614"},"modified":"2023-01-23T16:37:32","modified_gmt":"2023-01-23T15:37:32","slug":"la-buche-4","status":"publish","type":"product","link":"https:\/\/www.maou.ch\/fr\/produit\/la-buche-4\/","title":{"rendered":"La b\u00fbche #4"},"content":{"rendered":"<div id=\"fb-root\"><\/div>\n<div class=\"entry-content\">\n<div class=\"entry-content\">\n<p>La b\u00fbche #4 est sorti le 13 septembre 2018 lors du festival BDFIL 2018. <a href=\"http:\/\/www.bdfil.ch\/\">Voir le site de BDFIL.<\/a>.<\/p>\n[blank_spacer height=&#8221;30px&#8221; width=&#8221;1\/1&#8243; el_position=&#8221;first last&#8221;]\n<p>With: Andr\u00e9 Andr\u00e9, Alma Ka, Anne Bory, Ariane Goetz, Ga\u00eblle Vejlupek, Kristen Haas Curtis, Hayd\u00e9, Katharina Kreil, Megane[\/list_item]Chikhani, Katia Orlandi, Lorenz Ohrmer, Margaux Chetteau, Marie Lavis, Marie-Morgane Adatte, Nidonite, Odrade et le collectif Dix Manches.<\/p>\n[blank_spacer height=&#8221;30px&#8221; width=&#8221;1\/1&#8243; el_position=&#8221;first last&#8221;]\n<p>A5, noir et blanc.<\/p>\n[blank_spacer height=&#8221;30px&#8221; width=&#8221;1\/1&#8243; el_position=&#8221;first last&#8221;]\n<p>L'int\u00e9gralit\u00e9 de l'ouvrage peut \u00eatre consult\u00e9 ici: <a href=\"https:\/\/la-buche.ch\/portfolio\/la-buche-4\">cliquez ici<\/a>.<\/p>\n<\/div>\n<\/div>","protected":false},"excerpt":{"rendered":"<div class=\"entry-content\">\n<div class=\"entry-content\">\n<p>La b\u00fbche #4 est sorti le 13 septembre 2018 lors du festival BDFIL 2018. <a href=\"http:\/\/www.bdfil.ch\/\">Voir le site de BDFIL.<\/a>.<\/p>\n<p>[blank_spacer height=&#8221;30px&#8221; width=&#8221;1\/1&#8243; el_position=&#8221;first last&#8221;]<\/p>\n<p>With: Andr\u00e9 Andr\u00e9, Alma Ka, Anne Bory, Ariane Goetz, Ga\u00eblle Vejlupek, Kristen Haas Curtis, Hayd\u00e9, Katharina Kreil, Megane[\/list_item]Chikhani, Katia Orlandi, Lorenz Ohrmer, Margaux Chetteau, Marie Lavis, Marie-Morgane Adatte, Nidonite, Odrade et le collectif Dix Manches.<\/p>\n<p>[blank_spacer height=&#8221;30px&#8221; width=&#8221;1\/1&#8243; el_position=&#8221;first last&#8221;]<\/p>\n<p>A5, noir et blanc.<\/p>\n<p>[blank_spacer height=&#8221;30px&#8221; width=&#8221;1\/1&#8243; el_position=&#8221;first last&#8221;]<\/p>\n<p>L'int\u00e9gralit\u00e9 de l'ouvrage peut \u00eatre consult\u00e9 ici: <a href=\"https:\/\/la-buche.ch\/portfolio\/la-buche-4\">cliquez ici<\/a>.<\/p>\n<\/div>\n<\/div>","protected":false},"featured_media":7422,"comment_status":"closed","ping_status":"closed","template":"","meta":{"_links_to":"","_links_to_target":""},"product_brand":[],"product_cat":[27,84],"product_tag":[],"class_list":{"0":"post-7614","1":"product","2":"type-product","3":"status-publish","4":"has-post-thumbnail","6":"product_cat-bd","7":"product_cat-la-buche","8":"product_shipping_class-small","10":"first","11":"instock","12":"taxable","13":"shipping-taxable","14":"purchasable","15":"product-type-simple"},"_links":{"self":[{"href":"https:\/\/www.maou.ch\/fr\/wp-json\/wp\/v2\/product\/7614","targetHints":{"allow":["GET"]}}],"collection":[{"href":"https:\/\/www.maou.ch\/fr\/wp-json\/wp\/v2\/product"}],"about":[{"href":"https:\/\/www.maou.ch\/fr\/wp-json\/wp\/v2\/types\/product"}],"replies":[{"embeddable":true,"href":"https:\/\/www.maou.ch\/fr\/wp-json\/wp\/v2\/comments?post=7614"}],"wp:featuredmedia":[{"embeddable":true,"href":"https:\/\/www.maou.ch\/fr\/wp-json\/wp\/v2\/media\/7422"}],"wp:attachment":[{"href":"https:\/\/www.maou.ch\/fr\/wp-json\/wp\/v2\/media?parent=7614"}],"wp:term":[{"taxonomy":"product_brand","embeddable":true,"href":"https:\/\/www.maou.ch\/fr\/wp-json\/wp\/v2\/product_brand?post=7614"},{"taxonomy":"product_cat","embeddable":true,"href":"https:\/\/www.maou.ch\/fr\/wp-json\/wp\/v2\/product_cat?post=7614"},{"taxonomy":"product_tag","embeddable":true,"href":"https:\/\/www.maou.ch\/fr\/wp-json\/wp\/v2\/product_tag?post=7614"}],"curies":[{"name":"wp","href":"https:\/\/api.w.org\/{rel}","templated":true}]}}