{"id":8108,"date":"2021-09-08T10:59:51","date_gmt":"2021-09-08T09:59:51","guid":{"rendered":"https:\/\/www.maou.ch\/?post_type=product&#038;p=8108"},"modified":"2023-01-23T16:36:26","modified_gmt":"2023-01-23T15:36:26","slug":"la-buche-5","status":"publish","type":"product","link":"https:\/\/www.maou.ch\/fr\/produit\/la-buche-5\/","title":{"rendered":"La b\u00fbche #5"},"content":{"rendered":"<div id=\"fb-root\"><\/div>\n<div class=\"entry-content\">\n<div class=\"entry-content\">\n<p>Pour son 5e volume et apr\u00e8s avoir publi\u00e9 la plupart des cr\u00e9atrices de bande dessin\u00e9e de Suisse romande actuelles, La b\u00fbche devient th\u00e9matique le temps d'un num\u00e9ro. 17 anciennes contributrices se sont r\u00e9unies autour de la porosit\u00e9, th\u00e8me qui part dans de multiples directions, obscur, d\u00e9sirable, \u00e9trange, snob. Il a \u00e9t\u00e9 trait\u00e9 \u00e0 bras le corps, apprivois\u00e9, mis \u00e0 distance ou carr\u00e9ment d\u00e9tourn\u00e9. Les recherches ont \u00e9t\u00e9 partag\u00e9es, le dialogue a rendu la cr\u00e9ation moins solitaire, jusqu\u2019au bin\u00f4me. Les r\u00e9cits sont transmis cette fois sans pause, sans transition. Dans cette apn\u00e9e, des angles communs se d\u00e9gagent, de fa\u00e7on flagrante ou plus sourde, des r\u00e9sonances, des pistes parall\u00e8les, similaires, collectives. Autobiographie, corps, environnement min\u00e9ral et v\u00e9g\u00e9tal, d\u00e9grad\u00e9 des \u00e9motions et c\u00e9r\u00e9bralit\u00e9. L\u2019exploration d\u2019un temps au-del\u00e0 de notre propre dur\u00e9e, de ce qui, plus vaste, nous lie et nous d\u00e9passe. Un besoin bouillonnant qui part souvent du centre pour aller vers le monde.<\/p>\n[blank_spacer height=&#8221;30px&#8221; width=&#8221;1\/1&#8243; el_position=&#8221;first last&#8221;]\n<p>Autrices: L\u00e9andre Ackermann, Anda, Aude &amp; Barbara, Margaux Chetteau, Ariane Goetz, Alma Kaiser, Maou, Marie Mo, Renata Martino, Maurane Mazars, Maud O\u00efh\u00e9nart, Isabelle Pralong, Ma\u00eblle Schaller, Am\u00e9lie Strobino, Vamille, Fanny Vaucher.<\/p>\n[blank_spacer height=&#8221;30px&#8221; width=&#8221;1\/1&#8243; el_position=&#8221;first last&#8221;]\n<p>Ce volume \u00e9tait en lice pour le Prix BD Alternative au <a href=\"https:\/\/www.bdangouleme.com\/\">FIBD<\/a> Angoul\u00eame 2020.<\/p>\n<\/div>\n[blank_spacer height=&#8221;30px&#8221; width=&#8221;1\/1&#8243; el_position=&#8221;first last&#8221;]\n<div class=\"entry-content\">\n<p>A5, 165 pages, noir et blanc.<\/p>\n[blank_spacer height=&#8221;30px&#8221; width=&#8221;1\/1&#8243; el_position=&#8221;first last&#8221;]\n<p>L'int\u00e9gralit\u00e9 de l'ouvrage peut \u00eatre consult\u00e9 ici: <a href=\"https:\/\/la-buche.ch\/portfolio\/parution-vernissage-de-la-buche-5\">cliquez ici<\/a>.<\/p>\n<\/div>\n<\/div>","protected":false},"excerpt":{"rendered":"<div class=\"entry-content\">\n<div class=\"entry-content\">\n<div class=\"entry-content\">\n<div class=\"entry-content\">\n<div class=\"entry-content\">\n<div class=\"entry-content\">\n<p>Pour son 5e volume et apr\u00e8s avoir publi\u00e9 la plupart des cr\u00e9atrices de bande dessin\u00e9e de Suisse romande actuelles, La b\u00fbche devient th\u00e9matique le temps d'un num\u00e9ro. 17 anciennes contributrices se sont r\u00e9unies autour de la porosit\u00e9, th\u00e8me qui part dans de multiples directions, obscur, d\u00e9sirable, \u00e9trange, snob. Il a \u00e9t\u00e9 trait\u00e9 \u00e0 bras le corps, apprivois\u00e9, mis \u00e0 distance ou carr\u00e9ment d\u00e9tourn\u00e9. Les recherches ont \u00e9t\u00e9 partag\u00e9es, le dialogue a rendu la cr\u00e9ation moins solitaire, jusqu\u2019au bin\u00f4me. Les r\u00e9cits sont transmis cette fois sans pause, sans transition. Dans cette apn\u00e9e, des angles communs se d\u00e9gagent, de fa\u00e7on flagrante ou plus sourde, des r\u00e9sonances, des pistes parall\u00e8les, similaires, collectives. Autobiographie, corps, environnement min\u00e9ral et v\u00e9g\u00e9tal, d\u00e9grad\u00e9 des \u00e9motions et c\u00e9r\u00e9bralit\u00e9. L\u2019exploration d\u2019un temps au-del\u00e0 de notre propre dur\u00e9e, de ce qui, plus vaste, nous lie et nous d\u00e9passe. Un besoin bouillonnant qui part souvent du centre pour aller vers le monde.<\/p>\n<p>[blank_spacer height=&#8221;30px&#8221; width=&#8221;1\/1&#8243; el_position=&#8221;first last&#8221;]<\/p>\n<p>Autrices: L\u00e9andre Ackermann, Anda, Aude &amp; Barbara, Margaux Chetteau, Ariane Goetz, Alma Kaiser, Maou, Marie Mo, Renata Martino, Maurane Mazars, Maud O\u00efh\u00e9nart, Isabelle Pralong, Ma\u00eblle Schaller, Am\u00e9lie Strobino, Vamille, Fanny Vaucher.<\/p>\n<p>[blank_spacer height=&#8221;30px&#8221; width=&#8221;1\/1&#8243; el_position=&#8221;first last&#8221;]<\/p>\n<p>Ce volume \u00e9tait en lice pour le Prix BD Alternative au <a href=\"https:\/\/www.bdangouleme.com\/\">FIBD<\/a> Angoul\u00eame 2020.<\/p>\n<\/div>\n<p>[blank_spacer height=&#8221;30px&#8221; width=&#8221;1\/1&#8243; el_position=&#8221;first last&#8221;]<\/p>\n<div class=\"entry-content\">\n<p>A5, 165 pages, noir et blanc.<\/p>\n<p>[blank_spacer height=&#8221;30px&#8221; width=&#8221;1\/1&#8243; el_position=&#8221;first last&#8221;]<\/p>\n<p>L'int\u00e9gralit\u00e9 de l'ouvrage peut \u00eatre consult\u00e9 ici: <a href=\"https:\/\/la-buche.ch\/portfolio\/parution-vernissage-de-la-buche-5\">cliquez ici<\/a>.<\/p>\n<\/div>\n<\/div>\n<\/div>\n<\/div>\n<\/div>\n<\/div>","protected":false},"featured_media":8105,"comment_status":"closed","ping_status":"closed","template":"","meta":{"_links_to":"","_links_to_target":""},"product_brand":[],"product_cat":[27,84],"product_tag":[],"class_list":{"0":"post-8108","1":"product","2":"type-product","3":"status-publish","4":"has-post-thumbnail","6":"product_cat-bd","7":"product_cat-la-buche","8":"product_shipping_class-medium","10":"first","11":"instock","12":"taxable","13":"shipping-taxable","14":"purchasable","15":"product-type-simple"},"_links":{"self":[{"href":"https:\/\/www.maou.ch\/fr\/wp-json\/wp\/v2\/product\/8108","targetHints":{"allow":["GET"]}}],"collection":[{"href":"https:\/\/www.maou.ch\/fr\/wp-json\/wp\/v2\/product"}],"about":[{"href":"https:\/\/www.maou.ch\/fr\/wp-json\/wp\/v2\/types\/product"}],"replies":[{"embeddable":true,"href":"https:\/\/www.maou.ch\/fr\/wp-json\/wp\/v2\/comments?post=8108"}],"wp:featuredmedia":[{"embeddable":true,"href":"https:\/\/www.maou.ch\/fr\/wp-json\/wp\/v2\/media\/8105"}],"wp:attachment":[{"href":"https:\/\/www.maou.ch\/fr\/wp-json\/wp\/v2\/media?parent=8108"}],"wp:term":[{"taxonomy":"product_brand","embeddable":true,"href":"https:\/\/www.maou.ch\/fr\/wp-json\/wp\/v2\/product_brand?post=8108"},{"taxonomy":"product_cat","embeddable":true,"href":"https:\/\/www.maou.ch\/fr\/wp-json\/wp\/v2\/product_cat?post=8108"},{"taxonomy":"product_tag","embeddable":true,"href":"https:\/\/www.maou.ch\/fr\/wp-json\/wp\/v2\/product_tag?post=8108"}],"curies":[{"name":"wp","href":"https:\/\/api.w.org\/{rel}","templated":true}]}}