{"id":8109,"date":"2021-09-08T11:06:40","date_gmt":"2021-09-08T10:06:40","guid":{"rendered":"https:\/\/www.maou.ch\/?post_type=product&#038;p=8109"},"modified":"2023-01-23T16:35:29","modified_gmt":"2023-01-23T15:35:29","slug":"la-buche-6","status":"publish","type":"product","link":"https:\/\/www.maou.ch\/fr\/produit\/la-buche-6\/","title":{"rendered":"La b\u00fbche #6"},"content":{"rendered":"<div id=\"fb-root\"><\/div>\n<div class=\"entry-content\">\n<div class=\"entry-content\">\n<p>Le sixi\u00e8me opus du fanzine paru pour BDFIL 2021 pr\u00e9sente 17 nouvelles cr\u00e9atrices et tout autant de styles r\u00e9unis sur un th\u00e8me libre. Depuis 2015, le collectif La b\u00fbche \u200cvisibilise et r\u00e9seaute une grande \u200cdiversit\u00e9 d\u2019artistes de BD de Suisse romande autour\u200c de publications, d\u2019expositions et \u200cd\u2019\u00e9v\u00e9nements. D\u00e9sormais robuste \u200cd\u2019une centaine de participantes, le collectif contribue \u00e0 fa\u00e7onner, dans la solidarit\u00e9 et l\u2019amiti\u00e9, un paysage de la bande dessin\u00e9e plus \u00e9galitaire.\u200c <a href=\"http:\/\/www.bdfil.ch\/\">Voir le site de BDFIL.<\/a>.<\/p>\n[blank_spacer height=&#8221;30px&#8221; width=&#8221;1\/1&#8243; el_position=&#8221;first last&#8221;]\n<p>Autrices: C\u00e9cily, Ana\u00efs Si\u00e8re, Marjolaine Perreten, Valp, Rafael Girardin, Chlo\u00e9 Donz\u00e9, Agathe Borin, Maeva Rubli, Orianne Weber, Carine Racine, Elyn, Nad\u00e8ge Fleury, Lili Solal, BEEMO, Ana\u00efs Bloch, Olivia Witkowski, Povlaka.<\/p>\n[blank_spacer height=&#8221;30px&#8221; width=&#8221;1\/1&#8243; el_position=&#8221;first last&#8221;]\n<p>L'int\u00e9gralit\u00e9 de l'ouvrage peut \u00eatre consult\u00e9 ici: <a href=\"https:\/\/la-buche.ch\/portfolio\/la-buche-6\">cliquez ici<\/a>.<\/p>\n[blank_spacer height=&#8221;30px&#8221; width=&#8221;1\/1&#8243; el_position=&#8221;first last&#8221;]\n<p>A5, 84 pages, noir et blanc.<\/p>\n<\/div>\n<\/div>","protected":false},"excerpt":{"rendered":"<div class=\"entry-content\">\n<div class=\"entry-content\">\n<div class=\"entry-content\">\n<div class=\"entry-content\">\n<p>Le sixi\u00e8me opus du fanzine paru pour BDFIL 2021 pr\u00e9sente 17 nouvelles cr\u00e9atrices et tout autant de styles r\u00e9unis sur un th\u00e8me libre. Depuis 2015, le collectif La b\u00fbche \u200cvisibilise et r\u00e9seaute une grande \u200cdiversit\u00e9 d\u2019artistes de BD de Suisse romande autour\u200c de publications, d\u2019expositions et \u200cd\u2019\u00e9v\u00e9nements. D\u00e9sormais robuste \u200cd\u2019une centaine de participantes, le collectif contribue \u00e0 fa\u00e7onner, dans la solidarit\u00e9 et l\u2019amiti\u00e9, un paysage de la bande dessin\u00e9e plus \u00e9galitaire.\u200c <a href=\"http:\/\/www.bdfil.ch\/\">Voir le site de BDFIL.<\/a>.<\/p>\n<p>[blank_spacer height=&#8221;30px&#8221; width=&#8221;1\/1&#8243; el_position=&#8221;first last&#8221;]<\/p>\n<p>Autrices: C\u00e9cily, Ana\u00efs Si\u00e8re, Marjolaine Perreten, Valp, Rafael Girardin, Chlo\u00e9 Donz\u00e9, Agathe Borin, Maeva Rubli, Orianne Weber, Carine Racine, Elyn, Nad\u00e8ge Fleury, Lili Solal, BEEMO, Ana\u00efs Bloch, Olivia Witkowski, Povlaka.<\/p>\n<p>[blank_spacer height=&#8221;30px&#8221; width=&#8221;1\/1&#8243; el_position=&#8221;first last&#8221;]<\/p>\n<p>L'int\u00e9gralit\u00e9 de l'ouvrage peut \u00eatre consult\u00e9 ici: <a href=\"https:\/\/la-buche.ch\/portfolio\/la-buche-6\">cliquez ici<\/a>.<\/p>\n<p>[blank_spacer height=&#8221;30px&#8221; width=&#8221;1\/1&#8243; el_position=&#8221;first last&#8221;]<\/p>\n<p>A5, 84 pages, noir et blanc.<\/p>\n<\/div>\n<\/div>\n<\/div>\n<\/div>","protected":false},"featured_media":8106,"comment_status":"closed","ping_status":"closed","template":"","meta":{"_links_to":"","_links_to_target":""},"product_brand":[],"product_cat":[27,84],"product_tag":[],"class_list":{"0":"post-8109","1":"product","2":"type-product","3":"status-publish","4":"has-post-thumbnail","6":"product_cat-bd","7":"product_cat-la-buche","8":"product_shipping_class-small","10":"first","11":"instock","12":"taxable","13":"shipping-taxable","14":"purchasable","15":"product-type-simple"},"_links":{"self":[{"href":"https:\/\/www.maou.ch\/fr\/wp-json\/wp\/v2\/product\/8109","targetHints":{"allow":["GET"]}}],"collection":[{"href":"https:\/\/www.maou.ch\/fr\/wp-json\/wp\/v2\/product"}],"about":[{"href":"https:\/\/www.maou.ch\/fr\/wp-json\/wp\/v2\/types\/product"}],"replies":[{"embeddable":true,"href":"https:\/\/www.maou.ch\/fr\/wp-json\/wp\/v2\/comments?post=8109"}],"wp:featuredmedia":[{"embeddable":true,"href":"https:\/\/www.maou.ch\/fr\/wp-json\/wp\/v2\/media\/8106"}],"wp:attachment":[{"href":"https:\/\/www.maou.ch\/fr\/wp-json\/wp\/v2\/media?parent=8109"}],"wp:term":[{"taxonomy":"product_brand","embeddable":true,"href":"https:\/\/www.maou.ch\/fr\/wp-json\/wp\/v2\/product_brand?post=8109"},{"taxonomy":"product_cat","embeddable":true,"href":"https:\/\/www.maou.ch\/fr\/wp-json\/wp\/v2\/product_cat?post=8109"},{"taxonomy":"product_tag","embeddable":true,"href":"https:\/\/www.maou.ch\/fr\/wp-json\/wp\/v2\/product_tag?post=8109"}],"curies":[{"name":"wp","href":"https:\/\/api.w.org\/{rel}","templated":true}]}}