{"id":8110,"date":"2021-09-08T11:10:17","date_gmt":"2021-09-08T10:10:17","guid":{"rendered":"https:\/\/www.maou.ch\/?post_type=product&#038;p=8110"},"modified":"2023-01-23T16:34:39","modified_gmt":"2023-01-23T15:34:39","slug":"la-planete","status":"publish","type":"product","link":"https:\/\/www.maou.ch\/fr\/produit\/la-planete\/","title":{"rendered":"La plan\u00e8te"},"content":{"rendered":"<div id=\"fb-root\"><\/div>\n<p>Faut-il d\u00e9sob\u00e9ir pour sauver la plan\u00e8te? C\u2019est \u00e0 cette question que notre collectif \u00e9tait invit\u00e9 \u00e0 r\u00e9agir, en slogans, par la galerie genevoise La Joie de voir. Il s\u2019agissait l\u00e0 de la th\u00e9matique saisonni\u00e8re du Th\u00e9\u00e2tre Am Stram Gram, qui g\u00e8re cet espace avec les \u00e9ditions La Joie de lire. Ce projet jeunesse comprenait une exposition en mars 2020 accompagn\u00e9e d\u2019un fanzine hors-s\u00e9rie r\u00e9unissant nos planches, et il a suscit\u00e9 un grand enthousiasme chez les cr\u00e9atrices de BD. H\u00e9las, comme tant d\u2019autres \u00e9v\u00e9nements culturels, tout a \u00e9t\u00e9 annul\u00e9 in extremis \u00e0 cause de la crise sanitaire. <a href=\"http:\/\/www.bdfil.ch\/\">Voir le site de BDFIL.<\/a>.<\/p>\n[blank_spacer height=&#8221;30px&#8221; width=&#8221;1\/1&#8243; el_position=&#8221;first last&#8221;]\n<p>With: Adrienne Barman \/ Anouck Fontaine \/ C\u00e9cile Koepfli \/ L\u00e9andre Ackermann \/ Jenay Loetscher \/ Maou \/ Fanny Vaucher \/ No\u00e9mie Weber \/ Ga\u00eblle Vejlupek \/ Katharina Kreil \/ Katia Orlandi \/ Laura Dudler \/ Alma Kaiser \/ Anne Bory \/ Marie Lavis \/ Marie-Aurore Conscience \/ Nathalie G\u00fcr \/ Ma\u00eblle Miserez \/ Ma\u00eblle Schaller \/ Malizia Moulin \/ Odrade \/ MarieMo \/ Maud O\u00efh\u00e9nart \/ Renata Martino \/ Sarah Najjar \/ Veka.[\/list_item]\n[blank_spacer height=&#8221;30px&#8221; width=&#8221;1\/1&#8243; el_position=&#8221;first last&#8221;]\n<p>L'int\u00e9gralit\u00e9 de l'ouvrage peut \u00eatre consult\u00e9 ici: <a href=\"https:\/\/la-buche.ch\/portfolio\/la-planete\">cliquez ici<\/a>.<\/p>","protected":false},"excerpt":{"rendered":"<p>Faut-il d\u00e9sob\u00e9ir pour sauver la plan\u00e8te? C\u2019est \u00e0 cette question que notre collectif \u00e9tait invit\u00e9 \u00e0 r\u00e9agir, en slogans, par la galerie genevoise La Joie de voir. Il s\u2019agissait l\u00e0 de la th\u00e9matique saisonni\u00e8re du Th\u00e9\u00e2tre Am Stram Gram, qui g\u00e8re cet espace avec les \u00e9ditions La Joie de lire. Ce projet jeunesse comprenait une exposition en mars 2020 accompagn\u00e9e d\u2019un fanzine hors-s\u00e9rie r\u00e9unissant nos planches, et il a suscit\u00e9 un grand enthousiasme chez les cr\u00e9atrices de BD. H\u00e9las, comme tant d\u2019autres \u00e9v\u00e9nements culturels, tout a \u00e9t\u00e9 annul\u00e9 in extremis \u00e0 cause de la crise sanitaire. <a href=\"http:\/\/www.bdfil.ch\/\">Voir le site de BDFIL.<\/a>.<\/p>\n<p>[blank_spacer height=&#8221;30px&#8221; width=&#8221;1\/1&#8243; el_position=&#8221;first last&#8221;]<\/p>\n<p>With: Adrienne Barman \/ Anouck Fontaine \/ C\u00e9cile Koepfli \/ L\u00e9andre Ackermann \/ Jenay Loetscher \/ Maou \/ Fanny Vaucher \/ No\u00e9mie Weber \/ Ga\u00eblle Vejlupek \/ Katharina Kreil \/ Katia Orlandi \/ Laura Dudler \/ Alma Kaiser \/ Anne Bory \/ Marie Lavis \/ Marie-Aurore Conscience \/ Nathalie G\u00fcr \/ Ma\u00eblle Miserez \/ Ma\u00eblle Schaller \/ Malizia Moulin \/ Odrade \/ MarieMo \/ Maud O\u00efh\u00e9nart \/ Renata Martino \/ Sarah Najjar \/ Veka.[\/list_item]<br \/>\n[blank_spacer height=&#8221;30px&#8221; width=&#8221;1\/1&#8243; el_position=&#8221;first last&#8221;]<\/p>\n<p>L'int\u00e9gralit\u00e9 de l'ouvrage peut \u00eatre consult\u00e9 ici: <a href=\"https:\/\/la-buche.ch\/portfolio\/la-planete\">cliquez ici<\/a>.<\/p>","protected":false},"featured_media":8104,"comment_status":"closed","ping_status":"closed","template":"","meta":{"_links_to":"","_links_to_target":""},"product_brand":[],"product_cat":[27,84],"product_tag":[],"class_list":{"0":"post-8110","1":"product","2":"type-product","3":"status-publish","4":"has-post-thumbnail","6":"product_cat-bd","7":"product_cat-la-buche","8":"product_shipping_class-small","10":"first","11":"instock","12":"taxable","13":"shipping-taxable","14":"purchasable","15":"product-type-simple"},"_links":{"self":[{"href":"https:\/\/www.maou.ch\/fr\/wp-json\/wp\/v2\/product\/8110","targetHints":{"allow":["GET"]}}],"collection":[{"href":"https:\/\/www.maou.ch\/fr\/wp-json\/wp\/v2\/product"}],"about":[{"href":"https:\/\/www.maou.ch\/fr\/wp-json\/wp\/v2\/types\/product"}],"replies":[{"embeddable":true,"href":"https:\/\/www.maou.ch\/fr\/wp-json\/wp\/v2\/comments?post=8110"}],"wp:featuredmedia":[{"embeddable":true,"href":"https:\/\/www.maou.ch\/fr\/wp-json\/wp\/v2\/media\/8104"}],"wp:attachment":[{"href":"https:\/\/www.maou.ch\/fr\/wp-json\/wp\/v2\/media?parent=8110"}],"wp:term":[{"taxonomy":"product_brand","embeddable":true,"href":"https:\/\/www.maou.ch\/fr\/wp-json\/wp\/v2\/product_brand?post=8110"},{"taxonomy":"product_cat","embeddable":true,"href":"https:\/\/www.maou.ch\/fr\/wp-json\/wp\/v2\/product_cat?post=8110"},{"taxonomy":"product_tag","embeddable":true,"href":"https:\/\/www.maou.ch\/fr\/wp-json\/wp\/v2\/product_tag?post=8110"}],"curies":[{"name":"wp","href":"https:\/\/api.w.org\/{rel}","templated":true}]}}