{"id":8438,"date":"2021-12-01T12:29:41","date_gmt":"2021-12-01T11:29:41","guid":{"rendered":"https:\/\/www.maou.ch\/?post_type=product&#038;p=8438"},"modified":"2024-10-01T18:13:25","modified_gmt":"2024-10-01T17:13:25","slug":"les-voix","status":"publish","type":"product","link":"https:\/\/www.maou.ch\/fr\/produit\/les-voix\/","title":{"rendered":"Les voix"},"content":{"rendered":"<div id=\"fb-root\"><\/div>\n<div class=\"entry-content\">\n<div class=\"entry-content\">\n<p>La b\u00fbche s\u2019associe pour la premi\u00e8re fois \u00e0 deux sc\u00e9naristes, pour pr\u00e9senter une publication \u00e0 l\u2019occasion des 50 ans du droit de vote des femmes en Suisse. Dix-neuf dessinatrices de toute la Suisse romande se r\u00e9unissent autour de ce projet ambitieux pour raconter une histoire sur les revendications des droits des femmes au XXe si\u00e8cle en Suisse et pr\u00eatent leurs mains cr\u00e9atives pour dessiner chacune un chapitre de ce grand r\u00e9cit commun.<\/p>\n[blank_spacer height=&#8221;30px&#8221; width=&#8221;1\/1&#8243; el_position=&#8221;first last&#8221;]\n<p>Autrices: <a href=\"http:\/\/milapictures.com\/\">Mireille Lachausse<\/a>\u00a0\/\u00a0<a href=\"http:\/\/doraformica.com\/\">Dora Formica<\/a>\u00a0\/\u00a0<a href=\"http:\/\/adrienne.ch\/\">Adrienne Barman<\/a>\u00a0\/\u00a0<a href=\"http:\/\/cilproduction.ch\/\">C\u00e9cile Koepfli<\/a>\u00a0\/\u00a0<a href=\"https:\/\/www.la-boite-a-bulles.com\/book\/210\" target=\"_blank\" rel=\"noreferrer noopener\">L\u00e9andre Ackermann<\/a>\u00a0\/\u00a0<a href=\"https:\/\/www.maou.ch\/fr\/\" target=\"_blank\" rel=\"noreferrer noopener\">Maou<\/a>\u00a0\/\u00a0<a href=\"http:\/\/fixement.com\/\" target=\"_blank\" rel=\"noreferrer noopener\">Fanny Vaucher<\/a>\u00a0\/\u00a0<a href=\"http:\/\/noemieweber.ultra-book.com\/\" target=\"_blank\" rel=\"noreferrer noopener\">No\u00e9mie Weber<\/a>\u00a0\/\u00a0<a href=\"http:\/\/ldudler.com\/\">LDUD<\/a>\u00a0\/\u00a0<a href=\"http:\/\/almakaiser.com\/\">Alma Kaiser<\/a>\u00a0\/\u00a0<a href=\"http:\/\/tatiananazarova.net\/\">Tatiana Nazarova<\/a>\u00a0\/\u00a0<a href=\"http:\/\/marieconscience.com\/\">Marie-Aurore Conscience<\/a>\u00a0\/\u00a0<a href=\"http:\/\/nathaliegur.ch\/\">Nathalie G\u00fcr<\/a>\u00a0\/\u00a0<a href=\"http:\/\/ache-ache.net\/\">Charlotte ACHE Mermoud<\/a>\u00a0\/\u00a0<a href=\"http:\/\/odrade.ch\/\">Odrade<\/a>\u00a0\/\u00a0<a href=\"https:\/\/www.instagram.com\/mariemo_a\/\">MarieMo<\/a>\u00a0\/\u00a0<a href=\"http:\/\/maudoihenart.weebly.com\/\">Maud O\u00efh\u00e9nart<\/a>\u00a0\/\u00a0<a href=\"http:\/\/cargocollective.com\/anda\">ANDA<\/a>\u00a0\/\u00a0<a href=\"http:\/\/bdveronik.blogspot.com\/\">VEKA<\/a>\u00a0sur le sc\u00e9nario de Sarah Waeber et Sabrina Martinez.<\/p>\n[blank_spacer height=&#8221;30px&#8221; width=&#8221;1\/1&#8243; el_position=&#8221;first last&#8221;]\n<p>Langue: fran\u00e7ais.<\/p>\n[blank_spacer height=&#8221;30px&#8221; width=&#8221;1\/1&#8243; el_position=&#8221;first last&#8221;]\n<p>A5, noir et blanc.<\/p>\n[blank_spacer height=&#8221;30px&#8221; width=&#8221;1\/1&#8243; el_position=&#8221;first last&#8221;]\n<p>L'int\u00e9gralit\u00e9 de l'ouvrage peut \u00eatre consult\u00e9 ici: <a href=\"https:\/\/la-buche.ch\/portfolio\/les-voix\">cliquez ici<\/a>.<\/p>\n<p>&nbsp;<\/p>\n<\/div>\n<\/div>","protected":false},"excerpt":{"rendered":"<div class=\"entry-content\">\n<div class=\"entry-content\">\n<div class=\"entry-content\">\n<div class=\"entry-content\">\n<div class=\"entry-content\">\n<div class=\"entry-content\">\n<div class=\"entry-content\">\n<div class=\"entry-content\">\n<div class=\"entry-content\">\n<div class=\"entry-content\">\n<p>La b\u00fbche s\u2019associe pour la premi\u00e8re fois \u00e0 deux sc\u00e9naristes, pour pr\u00e9senter une publication \u00e0 l\u2019occasion des 50 ans du droit de vote des femmes en Suisse. Dix-neuf dessinatrices de toute la Suisse romande se r\u00e9unissent autour de ce projet ambitieux pour raconter une histoire sur les revendications des droits des femmes au XXe si\u00e8cle en Suisse et pr\u00eatent leurs mains cr\u00e9atives pour dessiner chacune un chapitre de ce grand r\u00e9cit commun.<\/p>\n<p>[blank_spacer height=&#8221;30px&#8221; width=&#8221;1\/1&#8243; el_position=&#8221;first last&#8221;]<\/p>\n<p>Autrices: <a href=\"http:\/\/milapictures.com\/\">Mireille Lachausse<\/a>\u00a0\/\u00a0<a href=\"http:\/\/doraformica.com\/\">Dora Formica<\/a>\u00a0\/\u00a0<a href=\"http:\/\/adrienne.ch\/\">Adrienne Barman<\/a>\u00a0\/\u00a0<a href=\"http:\/\/cilproduction.ch\/\">C\u00e9cile Koepfli<\/a>\u00a0\/\u00a0<a href=\"https:\/\/www.la-boite-a-bulles.com\/book\/210\" target=\"_blank\" rel=\"noreferrer noopener\">L\u00e9andre Ackermann<\/a>\u00a0\/\u00a0<a href=\"https:\/\/www.maou.ch\/fr\/\" target=\"_blank\" rel=\"noreferrer noopener\">Maou<\/a>\u00a0\/\u00a0<a href=\"http:\/\/fixement.com\/\" target=\"_blank\" rel=\"noreferrer noopener\">Fanny Vaucher<\/a>\u00a0\/\u00a0<a href=\"http:\/\/noemieweber.ultra-book.com\/\" target=\"_blank\" rel=\"noreferrer noopener\">No\u00e9mie Weber<\/a>\u00a0\/\u00a0<a href=\"http:\/\/ldudler.com\/\">LDUD<\/a>\u00a0\/\u00a0<a href=\"http:\/\/almakaiser.com\/\">Alma Kaiser<\/a>\u00a0\/\u00a0<a href=\"http:\/\/tatiananazarova.net\/\">Tatiana Nazarova<\/a>\u00a0\/\u00a0<a href=\"http:\/\/marieconscience.com\/\">Marie-Aurore Conscience<\/a>\u00a0\/\u00a0<a href=\"http:\/\/nathaliegur.ch\/\">Nathalie G\u00fcr<\/a>\u00a0\/\u00a0<a href=\"http:\/\/ache-ache.net\/\">Charlotte ACHE Mermoud<\/a>\u00a0\/\u00a0<a href=\"http:\/\/odrade.ch\/\">Odrade<\/a>\u00a0\/\u00a0<a href=\"https:\/\/www.instagram.com\/mariemo_a\/\">MarieMo<\/a>\u00a0\/\u00a0<a href=\"http:\/\/maudoihenart.weebly.com\/\">Maud O\u00efh\u00e9nart<\/a>\u00a0\/\u00a0<a href=\"http:\/\/cargocollective.com\/anda\">ANDA<\/a>\u00a0\/\u00a0<a href=\"http:\/\/bdveronik.blogspot.com\/\">VEKA<\/a>\u00a0sur le sc\u00e9nario de Sarah Waeber et Sabrina Martinez.<\/p>\n<p>[blank_spacer height=&#8221;30px&#8221; width=&#8221;1\/1&#8243; el_position=&#8221;first last&#8221;]<\/p>\n<p>Langue: fran\u00e7ais.<\/p>\n<p>[blank_spacer height=&#8221;30px&#8221; width=&#8221;1\/1&#8243; el_position=&#8221;first last&#8221;]<\/p>\n<p>A5, noir et blanc.<\/p>\n<p>[blank_spacer height=&#8221;30px&#8221; width=&#8221;1\/1&#8243; el_position=&#8221;first last&#8221;]<\/p>\n<p>L'int\u00e9gralit\u00e9 de l'ouvrage peut \u00eatre consult\u00e9 ici: <a href=\"https:\/\/la-buche.ch\/portfolio\/les-voix\">cliquez ici<\/a>.<\/p>\n<p>&nbsp;<\/p>\n<\/div>\n<\/div>\n<\/div>\n<\/div>\n<\/div>\n<\/div>\n<\/div>\n<\/div>\n<\/div>\n<\/div>","protected":false},"featured_media":8439,"comment_status":"closed","ping_status":"closed","template":"","meta":{"_links_to":"","_links_to_target":""},"product_brand":[],"product_cat":[27,84],"product_tag":[],"class_list":{"0":"post-8438","1":"product","2":"type-product","3":"status-publish","4":"has-post-thumbnail","6":"product_cat-bd","7":"product_cat-la-buche","8":"product_shipping_class-small","10":"first","11":"outofstock","12":"taxable","13":"shipping-taxable","14":"purchasable","15":"product-type-simple"},"_links":{"self":[{"href":"https:\/\/www.maou.ch\/fr\/wp-json\/wp\/v2\/product\/8438","targetHints":{"allow":["GET"]}}],"collection":[{"href":"https:\/\/www.maou.ch\/fr\/wp-json\/wp\/v2\/product"}],"about":[{"href":"https:\/\/www.maou.ch\/fr\/wp-json\/wp\/v2\/types\/product"}],"replies":[{"embeddable":true,"href":"https:\/\/www.maou.ch\/fr\/wp-json\/wp\/v2\/comments?post=8438"}],"wp:featuredmedia":[{"embeddable":true,"href":"https:\/\/www.maou.ch\/fr\/wp-json\/wp\/v2\/media\/8439"}],"wp:attachment":[{"href":"https:\/\/www.maou.ch\/fr\/wp-json\/wp\/v2\/media?parent=8438"}],"wp:term":[{"taxonomy":"product_brand","embeddable":true,"href":"https:\/\/www.maou.ch\/fr\/wp-json\/wp\/v2\/product_brand?post=8438"},{"taxonomy":"product_cat","embeddable":true,"href":"https:\/\/www.maou.ch\/fr\/wp-json\/wp\/v2\/product_cat?post=8438"},{"taxonomy":"product_tag","embeddable":true,"href":"https:\/\/www.maou.ch\/fr\/wp-json\/wp\/v2\/product_tag?post=8438"}],"curies":[{"name":"wp","href":"https:\/\/api.w.org\/{rel}","templated":true}]}}