{"id":8536,"date":"2023-01-20T10:24:38","date_gmt":"2023-01-20T09:24:38","guid":{"rendered":"https:\/\/www.maou.ch\/?post_type=product&#038;p=8536"},"modified":"2023-01-20T10:29:05","modified_gmt":"2023-01-20T09:29:05","slug":"la-buche-7","status":"publish","type":"product","link":"https:\/\/www.maou.ch\/fr\/produit\/la-buche-7\/","title":{"rendered":"La b\u00fbche #7"},"content":{"rendered":"<div id=\"fb-root\"><\/div>\n<div class=\"entry-content\">\n<div class=\"entry-content\">\n<p>La b\u00fbche #7 est sortie en 2022 pour <a href=\"http:\/\/www.bdfil.ch\/\">Voir le site de BDFIL.<\/a>.<\/p>\n[blank_spacer height=&#8221;30px&#8221; width=&#8221;1\/1&#8243; el_position=&#8221;first last&#8221;]\n<p>Avec: Niousse, Juliette Cuenoud, Margot Tissot, Caro, Petit-Goupil \/ B\u00e9atrice Herzig, Marianna Fontaine, Vulpo Vulpo, LOW, C\u00e9lestine, Louis Ch\u00e2teau Fontaine, Manon Roland, Cassandre, Marina K, Am\u00e9lie Dupr\u00e9, Chantal Peguiron, Elorri Charriton, et Sophie Gagnebin.<\/p>\n[blank_spacer height=&#8221;30px&#8221; width=&#8221;1\/1&#8243; el_position=&#8221;first last&#8221;]\n<p>A5, 76 pages, noir et blanc.<\/p>\n<\/div>\n<\/div>","protected":false},"excerpt":{"rendered":"<div class=\"entry-content\">\n<div class=\"entry-content\">\n<div class=\"entry-content\">\n<div class=\"entry-content\">\n<div class=\"entry-content\">\n<div class=\"entry-content\">\n<p>La b\u00fbche #7 est sortie en 2022 pour <a href=\"http:\/\/www.bdfil.ch\/\">Voir le site de BDFIL.<\/a>.<\/p>\n<p>[blank_spacer height=&#8221;30px&#8221; width=&#8221;1\/1&#8243; el_position=&#8221;first last&#8221;]<\/p>\n<p>Avec: Niousse, Juliette Cuenoud, Margot Tissot, Caro, Petit-Goupil \/ B\u00e9atrice Herzig, Marianna Fontaine, Vulpo Vulpo, LOW, C\u00e9lestine, Louis Ch\u00e2teau Fontaine, Manon Roland, Cassandre, Marina K, Am\u00e9lie Dupr\u00e9, Chantal Peguiron, Elorri Charriton, et Sophie Gagnebin.<\/p>\n<p>[blank_spacer height=&#8221;30px&#8221; width=&#8221;1\/1&#8243; el_position=&#8221;first last&#8221;]<\/p>\n<p>A5, 76 pages, noir et blanc.<\/p>\n<\/div>\n<\/div>\n<\/div>\n<\/div>\n<\/div>\n<\/div>","protected":false},"featured_media":8537,"comment_status":"closed","ping_status":"closed","template":"","meta":{"_links_to":"","_links_to_target":""},"product_brand":[],"product_cat":[27,84],"product_tag":[],"class_list":{"0":"post-8536","1":"product","2":"type-product","3":"status-publish","4":"has-post-thumbnail","6":"product_cat-bd","7":"product_cat-la-buche","8":"product_shipping_class-small","10":"first","11":"instock","12":"taxable","13":"shipping-taxable","14":"purchasable","15":"product-type-simple"},"_links":{"self":[{"href":"https:\/\/www.maou.ch\/fr\/wp-json\/wp\/v2\/product\/8536","targetHints":{"allow":["GET"]}}],"collection":[{"href":"https:\/\/www.maou.ch\/fr\/wp-json\/wp\/v2\/product"}],"about":[{"href":"https:\/\/www.maou.ch\/fr\/wp-json\/wp\/v2\/types\/product"}],"replies":[{"embeddable":true,"href":"https:\/\/www.maou.ch\/fr\/wp-json\/wp\/v2\/comments?post=8536"}],"wp:featuredmedia":[{"embeddable":true,"href":"https:\/\/www.maou.ch\/fr\/wp-json\/wp\/v2\/media\/8537"}],"wp:attachment":[{"href":"https:\/\/www.maou.ch\/fr\/wp-json\/wp\/v2\/media?parent=8536"}],"wp:term":[{"taxonomy":"product_brand","embeddable":true,"href":"https:\/\/www.maou.ch\/fr\/wp-json\/wp\/v2\/product_brand?post=8536"},{"taxonomy":"product_cat","embeddable":true,"href":"https:\/\/www.maou.ch\/fr\/wp-json\/wp\/v2\/product_cat?post=8536"},{"taxonomy":"product_tag","embeddable":true,"href":"https:\/\/www.maou.ch\/fr\/wp-json\/wp\/v2\/product_tag?post=8536"}],"curies":[{"name":"wp","href":"https:\/\/api.w.org\/{rel}","templated":true}]}}