{"id":8580,"date":"2023-03-21T17:29:32","date_gmt":"2023-03-21T16:29:32","guid":{"rendered":"https:\/\/www.maou.ch\/?post_type=product&#038;p=8580"},"modified":"2023-05-18T18:54:20","modified_gmt":"2023-05-18T17:54:20","slug":"fleurdeprunier-earlybirds","status":"publish","type":"product","link":"https:\/\/www.maou.ch\/fr\/produit\/fleurdeprunier-earlybirds\/","title":{"rendered":"Fleur de prunier \u2014 Early birds"},"content":{"rendered":"<div id=\"fb-root\"><\/div>\n<p class=\"p1\">Ce pack contient:<\/p>\n<p class=\"p1\"><ul class=\"sf-list\">\n<li><i class=\"ss-heart\"><\/i><span>Le livre<\/span><\/li>\n<li><i class=\"ss-heart\"><\/i><span>Une d\u00e9dicace originale personnalis\u00e9e r\u00e9alis\u00e9e sp\u00e9cialement pour toi.<\/span><\/li>\n<li><i class=\"ss-heart\"><\/i><span>Un autocollant daruma brillant: fais un voeu et dessine-lui un oeil. Colle-le dans un endroit o\u00f9 tu le verras tous les jours, comme ton portable ou ton ordinateur, afin de te souvenir de tout faire pour r\u00e9aliser ton voeu. Une fois ton voeu r\u00e9alis\u00e9, dessine-lui le deuxi\u00e8me oeil!<\/span><\/li>\n<\/ul>\n<p>Le livre seul peut \u00eatre achet\u00e9 pour 32 CHF sur le site des <a href=\"https:\/\/www.antipodes.ch\/produit\/fleur-de-prunier\/\">\u00c9ditions Antipodes&#8217;s website<\/a>.<\/p>\n[blank_spacer height=&#8221;30px&#8221; width=&#8221;1\/1&#8243; el_position=&#8221;first last&#8221;]\n<p><strong>Synopsis<br \/>\n<\/strong>[blank_spacer height=&#8221;1px&#8221; width=&#8221;1\/1&#8243; el_position=&#8221;first last&#8221;]\n<p class=\"p1\">Payer les chauffeurs de taxi en cigarettes am\u00e9ricaines, recruter des \u00e9tudiants pour assister aux r\u00e9unions avec les fonctionnaires et ne jamais s\u2019approcher d\u2019un attroupement: trois r\u00e8gles d\u2019or \u00e0 respecter lorsqu\u2019on essaie d\u2019adopter un enfant en Chine en 1990.<\/p>\n<p class=\"p1\">\u00ab Fleur de prunier \u00bb raconte l\u2019\u00e9pique \u00e9pop\u00e9e d\u2019Annick et Francis pour avoir un enfant. Des d\u00e9buts de la procr\u00e9ation m\u00e9dicalement assist\u00e9e \u00e0 un d\u00e9part pr\u00e9cipit\u00e9 \u00e0 l\u2019autre bout du monde dans un pays o\u00f9 tr\u00e8s peu d\u2019habitants ont d\u00e9j\u00e0 vu des \u00e9trangers\u2026 Un voyage mouvement\u00e9 qui marquera leurs vies \u00e0 jamais.<\/p>\n[blank_spacer height=&#8221;20px&#8221; width=&#8221;1\/1&#8243; el_position=&#8221;first last&#8221;]\n<ul class=\"sf-list\">\n<li><i class=\"ss-heart\"><\/i><span>Langue: fran\u00e7ais.<\/span><\/li>\n<li><i class=\"ss-heart\"><\/i><span>180 pages.<\/span><\/li>\n<li><i class=\"ss-heart\"><\/i><span><a href=\"https:\/\/www.antipodes.ch\/\">\u00c9ditions Antipodes<\/a>.<\/span><\/li>\n<\/ul>","protected":false},"excerpt":{"rendered":"<p class=\"p1\">Ce pack contient:<\/p>\n<p class=\"p1\">[list]<br \/>\n[list_item icon=\"ss-heart\"]The book[\/list_item]<br \/>\n[list_item icon=\"ss-heart\"]A drawing in the book specially made for you.[\/list_item]<br \/>\n[list_item icon=\"ss-heart\"]A shiny daruma sticker: make a wish and draw one eye to the daruma. Stick it to a place where you will see it everyday like your phone or laptop to remind you to do everything possible in order to realise your wish. Once your wish has come true, draw the second eye![\/list_item]<br \/>\n[\/list]<\/p>\n<p>Le livre seul peut \u00eatre achet\u00e9 pour 32 CHF sur le site des <a href=\"https:\/\/www.antipodes.ch\/produit\/fleur-de-prunier\/\">\u00c9ditions Antipodes&#8217;s website<\/a>.<\/p>\n<p>[blank_spacer height=&#8221;30px&#8221; width=&#8221;1\/1&#8243; el_position=&#8221;first last&#8221;]<\/p>\n<p><strong>Synopsis<br \/>\n<\/strong>[blank_spacer height=&#8221;1px&#8221; width=&#8221;1\/1&#8243; el_position=&#8221;first last&#8221;]<\/p>\n<p class=\"p1\">Payer les chauffeurs de taxi en cigarettes am\u00e9ricaines, recruter des \u00e9tudiants pour assister aux r\u00e9unions avec les fonctionnaires et ne jamais s\u2019approcher d\u2019un attroupement: trois r\u00e8gles d\u2019or \u00e0 respecter lorsqu\u2019on essaie d\u2019adopter un enfant en Chine en 1990.<\/p>\n<p class=\"p1\">\u00ab Fleur de prunier \u00bb raconte l\u2019\u00e9pique \u00e9pop\u00e9e d\u2019Annick et Francis pour avoir un enfant. Des d\u00e9buts de la procr\u00e9ation m\u00e9dicalement assist\u00e9e \u00e0 un d\u00e9part pr\u00e9cipit\u00e9 \u00e0 l\u2019autre bout du monde dans un pays o\u00f9 tr\u00e8s peu d\u2019habitants ont d\u00e9j\u00e0 vu des \u00e9trangers\u2026 Un voyage mouvement\u00e9 qui marquera leurs vies \u00e0 jamais.<\/p>\n<p>[blank_spacer height=&#8221;20px&#8221; width=&#8221;1\/1&#8243; el_position=&#8221;first last&#8221;]<br \/>\n[list]<br \/>\n[list_item icon=\"ss-heart\"]Language: French.[\/list_item]<br \/>\n[list_item icon=\"ss-heart\"]180 pages.[\/list_item]<br \/>\n[list_item icon=\"ss-heart\"]<a href=\"https:\/\/www.antipodes.ch\/\">\u00c9ditions Antipodes<\/a>.[\/list_item]<br \/>\n[\/list]<\/p>","protected":false},"featured_media":8562,"comment_status":"closed","ping_status":"closed","template":"","meta":{"_links_to":"","_links_to_target":""},"product_brand":[],"product_cat":[27,88],"product_tag":[],"class_list":{"0":"post-8580","1":"product","2":"type-product","3":"status-publish","4":"has-post-thumbnail","6":"product_cat-bd","7":"product_cat-fleur-de-prunier","8":"product_shipping_class-medium","10":"first","11":"instock","12":"taxable","13":"shipping-taxable","14":"purchasable","15":"product-type-simple"},"_links":{"self":[{"href":"https:\/\/www.maou.ch\/fr\/wp-json\/wp\/v2\/product\/8580","targetHints":{"allow":["GET"]}}],"collection":[{"href":"https:\/\/www.maou.ch\/fr\/wp-json\/wp\/v2\/product"}],"about":[{"href":"https:\/\/www.maou.ch\/fr\/wp-json\/wp\/v2\/types\/product"}],"replies":[{"embeddable":true,"href":"https:\/\/www.maou.ch\/fr\/wp-json\/wp\/v2\/comments?post=8580"}],"wp:featuredmedia":[{"embeddable":true,"href":"https:\/\/www.maou.ch\/fr\/wp-json\/wp\/v2\/media\/8562"}],"wp:attachment":[{"href":"https:\/\/www.maou.ch\/fr\/wp-json\/wp\/v2\/media?parent=8580"}],"wp:term":[{"taxonomy":"product_brand","embeddable":true,"href":"https:\/\/www.maou.ch\/fr\/wp-json\/wp\/v2\/product_brand?post=8580"},{"taxonomy":"product_cat","embeddable":true,"href":"https:\/\/www.maou.ch\/fr\/wp-json\/wp\/v2\/product_cat?post=8580"},{"taxonomy":"product_tag","embeddable":true,"href":"https:\/\/www.maou.ch\/fr\/wp-json\/wp\/v2\/product_tag?post=8580"}],"curies":[{"name":"wp","href":"https:\/\/api.w.org\/{rel}","templated":true}]}}