{"id":8596,"date":"2023-03-21T18:10:23","date_gmt":"2023-03-21T17:10:23","guid":{"rendered":"https:\/\/www.maou.ch\/?post_type=product&#038;p=8596"},"modified":"2023-04-17T09:45:20","modified_gmt":"2023-04-17T08:45:20","slug":"sticker-daruma","status":"publish","type":"product","link":"https:\/\/www.maou.ch\/fr\/produit\/sticker-daruma\/","title":{"rendered":"Autocollant daruma"},"content":{"rendered":"<div id=\"fb-root\"><\/div>\n<p>Inspir\u00e9e par les daruma, poup\u00e9es en papier m\u00e2ch\u00e9 japonaises, j'ai imagin\u00e9 cet autocollant. Voici comment l'utiliser:<\/p>\n<ul class=\"sf-list\">\n<li><i class=\"ss-heart\"><\/i><span>Fais un voeu.<\/span><\/li>\n<li><i class=\"ss-heart\"><\/i><span>Dessine un oeil au daruma.<\/span><\/li>\n<li><i class=\"ss-heart\"><\/i><span>Colle l'autocollant dans un endroit o\u00f9 tu le verras tous les jours, comme sur ton ordinateur ou sur ton t\u00e9l\u00e9phone, pour te souvenir de tout faire pour r\u00e9aliser ton voeu.<\/span><\/li>\n<li><i class=\"ss-heart\"><\/i><span>Une fois ton voeu r\u00e9alis\u00e9, dessine le deuxi\u00e8me oeil au daruma!<\/span><\/li>\n<\/ul>\n<ul class=\"sf-list\">\n<li><i class=\"ss-heart\"><\/i><span>Autocollant miroir.<\/span><\/li>\n<li><i class=\"ss-heart\"><\/i><span>5\u00d75 cm.<\/span><\/li>\n<\/ul>","protected":false},"excerpt":{"rendered":"<p>Inspir\u00e9e par les daruma, poup\u00e9es en papier m\u00e2ch\u00e9 japonaises, j'ai imagin\u00e9 cet autocollant. Voici comment l'utiliser:<\/p>\n[list]<br \/>\n[list_item icon=\"ss-heart\"]Make a wish.[\/list_item]<br \/>\n[list_item icon=\"ss-heart\"]Draw one eye to the daruma.[\/list_item]<br \/>\n[list_item icon=\"ss-heart\"]Glue the sticker to a place where you will see it everyday, like your phone or laptop, to remind you to do everything to make your wish come true.[\/list_item]<br \/>\n[list_item icon=\"ss-heart\"]Once your wish came true, draw the second eye![\/list_item]<br \/>\n[\/list]\n[list]<br \/>\n[list_item icon=\"ss-heart\"]Mirror sticker.[\/list_item]<br \/>\n[list_item icon=\"ss-heart\"]5\u00d75 cm.[\/list_item]<br \/>\n[\/list]","protected":false},"featured_media":8652,"comment_status":"closed","ping_status":"closed","template":"","meta":{"_links_to":"","_links_to_target":""},"product_brand":[],"product_cat":[28,88],"product_tag":[],"class_list":{"0":"post-8596","1":"product","2":"type-product","3":"status-publish","4":"has-post-thumbnail","6":"product_cat-accessories","7":"product_cat-fleur-de-prunier","8":"product_shipping_class-extrasmall","10":"first","11":"instock","12":"taxable","13":"shipping-taxable","14":"purchasable","15":"product-type-simple"},"_links":{"self":[{"href":"https:\/\/www.maou.ch\/fr\/wp-json\/wp\/v2\/product\/8596","targetHints":{"allow":["GET"]}}],"collection":[{"href":"https:\/\/www.maou.ch\/fr\/wp-json\/wp\/v2\/product"}],"about":[{"href":"https:\/\/www.maou.ch\/fr\/wp-json\/wp\/v2\/types\/product"}],"replies":[{"embeddable":true,"href":"https:\/\/www.maou.ch\/fr\/wp-json\/wp\/v2\/comments?post=8596"}],"wp:featuredmedia":[{"embeddable":true,"href":"https:\/\/www.maou.ch\/fr\/wp-json\/wp\/v2\/media\/8652"}],"wp:attachment":[{"href":"https:\/\/www.maou.ch\/fr\/wp-json\/wp\/v2\/media?parent=8596"}],"wp:term":[{"taxonomy":"product_brand","embeddable":true,"href":"https:\/\/www.maou.ch\/fr\/wp-json\/wp\/v2\/product_brand?post=8596"},{"taxonomy":"product_cat","embeddable":true,"href":"https:\/\/www.maou.ch\/fr\/wp-json\/wp\/v2\/product_cat?post=8596"},{"taxonomy":"product_tag","embeddable":true,"href":"https:\/\/www.maou.ch\/fr\/wp-json\/wp\/v2\/product_tag?post=8596"}],"curies":[{"name":"wp","href":"https:\/\/api.w.org\/{rel}","templated":true}]}}