{"id":8618,"date":"2023-03-21T19:19:07","date_gmt":"2023-03-21T18:19:07","guid":{"rendered":"https:\/\/www.maou.ch\/?post_type=product&#038;p=8618"},"modified":"2023-10-05T16:16:44","modified_gmt":"2023-10-05T15:16:44","slug":"cat-ruma","status":"publish","type":"product","link":"https:\/\/www.maou.ch\/fr\/produit\/cat-ruma\/","title":{"rendered":"Tote bag chat-ruma"},"content":{"rendered":"<div id=\"fb-root\"><\/div>\n<ul class=\"sf-list\">\n<li><i class=\"ss-heart\"><\/i><span>Fais un voeu et dessine un oeil au chat-ruma. \u00c0 chaque fois que tu vois le chat-ruma, rappelle-toi de tout faire pour r\u00e9aliser ton voeu. Une fois ton voeu r\u00e9alis\u00e9. dessine le deuxi\u00e8me oeil au chat-ruma!<\/span><\/li>\n<li><i class=\"ss-heart\"><\/i><span>100% coton bio.<\/span><\/li>\n<li><i class=\"ss-heart\"><\/i><span>Paillettes dor\u00e9es.<\/span><\/li>\n<li><i class=\"ss-heart\"><\/i><span>Flock\u00e9.<\/span><\/li>\n<li><i class=\"ss-heart\"><\/i><span>40\u00d737 cm.<\/span><\/li>\n<li><i class=\"ss-heart\"><\/i><span>Laver \u00e0 30 degr\u00e9s.<\/span><\/li>\n<\/ul>","protected":false},"excerpt":{"rendered":"[list]<br \/>\n[list_item icon=\"ss-heart\"]Make a wish and draw one eye to the cat-ruma. Everytime you see the cat-ruma, remember to work hard everyday to make your wish come true! Once your wish came true, draw the cat-ruma a second eye![\/list_item]<br \/>\n[list_item icon=\"ss-heart\"]100% bio cotton.[\/list_item]<br \/>\n[list_item icon=\"ss-heart\"]Gold glitters.[\/list_item]<br \/>\n[list_item icon=\"ss-heart\"]Flocking.[\/list_item]<br \/>\n[list_item icon=\"ss-heart\"]40\u00d737 cm.[\/list_item]<br \/>\n[list_item icon=\"ss-heart\"]Wash at 30 degrees.[\/list_item]<br \/>\n[\/list]","protected":false},"featured_media":8679,"comment_status":"closed","ping_status":"closed","template":"","meta":{"_links_to":"","_links_to_target":""},"product_brand":[],"product_cat":[28,88],"product_tag":[],"class_list":{"0":"post-8618","1":"product","2":"type-product","3":"status-publish","4":"has-post-thumbnail","6":"product_cat-accessories","7":"product_cat-fleur-de-prunier","8":"product_shipping_class-medium","10":"first","11":"onbackorder","12":"taxable","13":"shipping-taxable","14":"purchasable","15":"product-type-simple"},"_links":{"self":[{"href":"https:\/\/www.maou.ch\/fr\/wp-json\/wp\/v2\/product\/8618","targetHints":{"allow":["GET"]}}],"collection":[{"href":"https:\/\/www.maou.ch\/fr\/wp-json\/wp\/v2\/product"}],"about":[{"href":"https:\/\/www.maou.ch\/fr\/wp-json\/wp\/v2\/types\/product"}],"replies":[{"embeddable":true,"href":"https:\/\/www.maou.ch\/fr\/wp-json\/wp\/v2\/comments?post=8618"}],"wp:featuredmedia":[{"embeddable":true,"href":"https:\/\/www.maou.ch\/fr\/wp-json\/wp\/v2\/media\/8679"}],"wp:attachment":[{"href":"https:\/\/www.maou.ch\/fr\/wp-json\/wp\/v2\/media?parent=8618"}],"wp:term":[{"taxonomy":"product_brand","embeddable":true,"href":"https:\/\/www.maou.ch\/fr\/wp-json\/wp\/v2\/product_brand?post=8618"},{"taxonomy":"product_cat","embeddable":true,"href":"https:\/\/www.maou.ch\/fr\/wp-json\/wp\/v2\/product_cat?post=8618"},{"taxonomy":"product_tag","embeddable":true,"href":"https:\/\/www.maou.ch\/fr\/wp-json\/wp\/v2\/product_tag?post=8618"}],"curies":[{"name":"wp","href":"https:\/\/api.w.org\/{rel}","templated":true}]}}