{"id":8712,"date":"2023-04-08T10:07:08","date_gmt":"2023-04-08T09:07:08","guid":{"rendered":"https:\/\/www.maou.ch\/?post_type=product&#038;p=8712"},"modified":"2024-10-01T17:27:58","modified_gmt":"2024-10-01T16:27:58","slug":"fox-whale-lino","status":"publish","type":"product","link":"https:\/\/www.maou.ch\/fr\/produit\/fox-whale-lino\/","title":{"rendered":"Fox &#038; Whale lino"},"content":{"rendered":"<div id=\"fb-root\"><\/div>\n<ul class=\"sf-list\">\n<li><i class=\"ss-heart\"><\/i><span>Chaque impression est num\u00e9rot\u00e9e et sign\u00e9e.<\/span><\/li>\n<li><i class=\"ss-heart\"><\/i><span>Taille du papier 650\u00d7495 mm.<\/span><\/li>\n<li><i class=\"ss-heart\"><\/i><span>Chaque dessin constitue une pi\u00e8ce unique r\u00e9alis\u00e9e \u00e0 la main, ce qui fait que l'impression lino que vous recevrez peut \u00eatre l\u00e9g\u00e8rement diff\u00e9rente des photos.<\/span><\/li>\n<\/ul>","protected":false},"excerpt":{"rendered":"[list]<br \/>\n[list_item icon=\"ss-heart\"]Each print is numbered and signed.[\/list_item]<br \/>\n[list_item icon=\"ss-heart\"]Paper size 650\u00d7495 mm.[\/list_item]<br \/>\n[list_item icon=\"ss-heart\"]Each piece is unique and handmade so it might be slightly different from the photos.[\/list_item]<br \/>\n[\/list]","protected":false},"featured_media":8720,"comment_status":"closed","ping_status":"closed","template":"","meta":{"_links_to":"","_links_to_target":""},"product_brand":[],"product_cat":[29],"product_tag":[],"class_list":{"0":"post-8712","1":"product","2":"type-product","3":"status-publish","4":"has-post-thumbnail","6":"product_cat-original-prints","7":"product_shipping_class-large","9":"first","10":"instock","11":"taxable","12":"shipping-taxable","13":"purchasable","14":"product-type-variable"},"_links":{"self":[{"href":"https:\/\/www.maou.ch\/fr\/wp-json\/wp\/v2\/product\/8712","targetHints":{"allow":["GET"]}}],"collection":[{"href":"https:\/\/www.maou.ch\/fr\/wp-json\/wp\/v2\/product"}],"about":[{"href":"https:\/\/www.maou.ch\/fr\/wp-json\/wp\/v2\/types\/product"}],"replies":[{"embeddable":true,"href":"https:\/\/www.maou.ch\/fr\/wp-json\/wp\/v2\/comments?post=8712"}],"wp:featuredmedia":[{"embeddable":true,"href":"https:\/\/www.maou.ch\/fr\/wp-json\/wp\/v2\/media\/8720"}],"wp:attachment":[{"href":"https:\/\/www.maou.ch\/fr\/wp-json\/wp\/v2\/media?parent=8712"}],"wp:term":[{"taxonomy":"product_brand","embeddable":true,"href":"https:\/\/www.maou.ch\/fr\/wp-json\/wp\/v2\/product_brand?post=8712"},{"taxonomy":"product_cat","embeddable":true,"href":"https:\/\/www.maou.ch\/fr\/wp-json\/wp\/v2\/product_cat?post=8712"},{"taxonomy":"product_tag","embeddable":true,"href":"https:\/\/www.maou.ch\/fr\/wp-json\/wp\/v2\/product_tag?post=8712"}],"curies":[{"name":"wp","href":"https:\/\/api.w.org\/{rel}","templated":true}]}}