{"id":8878,"date":"2023-09-04T13:25:31","date_gmt":"2023-09-04T12:25:31","guid":{"rendered":"https:\/\/www.maou.ch\/?post_type=product&#038;p=8878"},"modified":"2023-10-06T09:46:27","modified_gmt":"2023-10-06T08:46:27","slug":"passage-print","status":"publish","type":"product","link":"https:\/\/www.maou.ch\/fr\/produit\/passage-print\/","title":{"rendered":"Passage print"},"content":{"rendered":"<div id=\"fb-root\"><\/div>\n<p>En 2023, j'ai \u00e9t\u00e9 mandat\u00e9e par le <a href=\"https:\/\/palpfestival.ch\/\">PALP Festival<\/a> to take part to &#8220;<a href=\"https:\/\/palpfestival.ch\/evenements\/passage-%E2%9D%98-exposition\/\">Passage<\/a>&#8220;, an exhibition exploring our relationship with death. When I was 19, I left my family for a whole new life in Lausanne, in Switzerland. At the same time, I adopted a cat I named Endive. Together, we grew up and sometimes lived with 12 other people in the same house. For 12 years, we have been living all sort of adventures an grew up together. Unfortunately, she suddenly passed away and I have never been able to tell her goodbye. Through those illustrations, I am telling the story of our special relationship and imagine another end to the story where I am able to say goodbye and know she is in a better place where she knows I did not left her alone to die at the veterinarian.<\/p>\n<ul class=\"sf-list\">\n<li><i class=\"ss-heart\"><\/i><span>Chaque impression est num\u00e9rot\u00e9e et sign\u00e9e.<\/span><\/li>\n<li><i class=\"ss-heart\"><\/i><span>Taille: A1, A2 or A3.<\/span><\/li>\n<li><i class=\"ss-heart\"><\/i><span>Les tirages A1 et A2 sont r\u00e9alis\u00e9s avec soin par mon imprimeur. Ils peuvent donc prendre quelques jours \u00e0 \u00eatre faits.<\/span><\/li>\n<li><i class=\"ss-heart\"><\/i><span>Veuillez svp pr\u00e9ciser quelle illustration vous souhaitez acheter lors de votre achat.<\/span><\/li>\n<li><i class=\"ss-heart\"><\/i><span><a href=\"https:\/\/www.maou.ch\/fr\/#contact\">Contactez-moi<\/a> si vous voulez acheter les dessins originaux (format A3).<\/span><\/li>\n<\/ul>","protected":false},"excerpt":{"rendered":"<p>En 2023, j'ai \u00e9t\u00e9 mandat\u00e9e par le <a href=\"https:\/\/palpfestival.ch\/\">PALP Festival<\/a> to take part to &#8220;<a href=\"https:\/\/palpfestival.ch\/evenements\/passage-%E2%9D%98-exposition\/\">Passage<\/a>&#8220;, an exhibition exploring our relationship with death. When I was 19, I left my family for a whole new life in Lausanne, in Switzerland. At the same time, I adopted a cat I named Endive. Together, we grew up and sometimes lived with 12 other people in the same house. For 12 years, we have been living all sort of adventures an grew up together. Unfortunately, she suddenly passed away and I have never been able to tell her goodbye. Through those illustrations, I am telling the story of our special relationship and imagine another end to the story where I am able to say goodbye and know she is in a better place where she knows I did not left her alone to die at the veterinarian.<\/p>\n[list]<br \/>\n[list_item icon=\"ss-heart\"]Each print is numbered and signed.[\/list_item]<br \/>\n[list_item icon=\"ss-heart\"]Size: A1, A2 or A3+.[\/list_item]<br \/>\n[list_item icon=\"ss-heart\"]A1 and A2 are printed on demand by my local printer so the order might take a few days to be made.[\/list_item]<br \/>\n[list_item icon=\"ss-heart\"]Please precise the illustration you want to buy when you order.[\/list_item]<br \/>\n[list_item icon=\"ss-heart\"]<a href=\"https:\/\/www.maou.ch\/fr\/#contact\">Contactez-moi<\/a> if you want to buy the original drawings. (A3 size).[\/list_item]<br \/>\n[\/list]","protected":false},"featured_media":8882,"comment_status":"closed","ping_status":"closed","template":"","meta":{"_links_to":"","_links_to_target":""},"product_brand":[],"product_cat":[29],"product_tag":[92,90,91],"class_list":{"0":"post-8878","1":"product","2":"type-product","3":"status-publish","4":"has-post-thumbnail","6":"product_cat-original-prints","7":"product_tag-cat","8":"product_tag-palp","9":"product_tag-print","10":"product_shipping_class-posters","12":"first","13":"onbackorder","14":"shipping-taxable","15":"purchasable","16":"product-type-variable"},"_links":{"self":[{"href":"https:\/\/www.maou.ch\/fr\/wp-json\/wp\/v2\/product\/8878","targetHints":{"allow":["GET"]}}],"collection":[{"href":"https:\/\/www.maou.ch\/fr\/wp-json\/wp\/v2\/product"}],"about":[{"href":"https:\/\/www.maou.ch\/fr\/wp-json\/wp\/v2\/types\/product"}],"replies":[{"embeddable":true,"href":"https:\/\/www.maou.ch\/fr\/wp-json\/wp\/v2\/comments?post=8878"}],"wp:featuredmedia":[{"embeddable":true,"href":"https:\/\/www.maou.ch\/fr\/wp-json\/wp\/v2\/media\/8882"}],"wp:attachment":[{"href":"https:\/\/www.maou.ch\/fr\/wp-json\/wp\/v2\/media?parent=8878"}],"wp:term":[{"taxonomy":"product_brand","embeddable":true,"href":"https:\/\/www.maou.ch\/fr\/wp-json\/wp\/v2\/product_brand?post=8878"},{"taxonomy":"product_cat","embeddable":true,"href":"https:\/\/www.maou.ch\/fr\/wp-json\/wp\/v2\/product_cat?post=8878"},{"taxonomy":"product_tag","embeddable":true,"href":"https:\/\/www.maou.ch\/fr\/wp-json\/wp\/v2\/product_tag?post=8878"}],"curies":[{"name":"wp","href":"https:\/\/api.w.org\/{rel}","templated":true}]}}