{"id":9085,"date":"2023-10-06T09:46:54","date_gmt":"2023-10-06T08:46:54","guid":{"rendered":"https:\/\/www.maou.ch\/?post_type=product&#038;p=9085"},"modified":"2023-10-06T10:01:55","modified_gmt":"2023-10-06T09:01:55","slug":"coronavirus","status":"publish","type":"product","link":"https:\/\/www.maou.ch\/fr\/produit\/coronavirus\/","title":{"rendered":"Coronavirus"},"content":{"rendered":"<div id=\"fb-root\"><\/div>\n<ul class=\"sf-list\">\n<li><i class=\"ss-heart\"><\/i><span>Dessins r\u00e9alis\u00e9s pendant le confinement en 2020.<\/span><\/li>\n<li><i class=\"ss-heart\"><\/i><span>Cette s\u00e9rie a remport\u00e9 un concours de dessin sur le th\u00e8me du Coronavirus organis\u00e9 par le journal Le Temps et Chappatte. <a href=\"https:\/\/www.letemps.ch\/culture\/temps-coronavirus-laureats-concours-dessin?fbclid=IwAR1VHb3XkHjlTWl7YxUuUCFrockNGojAvY5DnykiuMLRDPDy096PUbBf-So\">Lire l'article<\/a>.<\/span><\/li>\n<li><i class=\"ss-heart\"><\/i><span>Il s'agit principalement de dessin sur tablette, hormis le jour 4 qui a \u00e9t\u00e9 fait au crayon de couleur.<\/span><\/li>\n<li><i class=\"ss-heart\"><\/i><span>Chaque impression est num\u00e9rot\u00e9e et sign\u00e9e.<\/span><\/li>\n<li><i class=\"ss-heart\"><\/i><span>Format: 15<b>\u00d7<\/b>15 cm.<\/span><\/li>\n<li><i class=\"ss-heart\"><\/i><span>Imprim\u00e9 sur demande.<\/span><\/li>\n<\/ul>","protected":false},"excerpt":{"rendered":"[list]<br \/>\n[list_item icon=\"ss-heart\"]Drawings realised during confinement in 2020.[\/list_item]<br \/>\n[list_item icon=\"ss-heart\"]This serie of drawings won contest decerned by the newspaper Le Temps and Chappatte. <a href=\"https:\/\/www.letemps.ch\/culture\/temps-coronavirus-laureats-concours-dessin?fbclid=IwAR1VHb3XkHjlTWl7YxUuUCFrockNGojAvY5DnykiuMLRDPDy096PUbBf-So\">Lire l'article<\/a>.[\/list_item]<br \/>\n[list_item icon=\"ss-heart\"]Various techniques but mostly digital drawing.[\/list_item]<br \/>\n[list_item icon=\"ss-heart\"]Each print is numbered and signed.[\/list_item]<br \/>\n[list_item icon=\"ss-heart\"]Size: 15<b>\u00d7<\/b>15 cm.[\/list_item]<br \/>\n[list_item icon=\"ss-heart\"]Printed on demand.[\/list_item]<br \/>\n[\/list]","protected":false},"featured_media":8341,"comment_status":"closed","ping_status":"closed","template":"","meta":{"_links_to":"","_links_to_target":""},"product_brand":[],"product_cat":[29],"product_tag":[93,91],"class_list":{"0":"post-9085","1":"product","2":"type-product","3":"status-publish","4":"has-post-thumbnail","6":"product_cat-original-prints","7":"product_tag-mythos","8":"product_tag-print","9":"product_shipping_class-medium","11":"first","12":"onbackorder","13":"shipping-taxable","14":"purchasable","15":"product-type-variable"},"_links":{"self":[{"href":"https:\/\/www.maou.ch\/fr\/wp-json\/wp\/v2\/product\/9085","targetHints":{"allow":["GET"]}}],"collection":[{"href":"https:\/\/www.maou.ch\/fr\/wp-json\/wp\/v2\/product"}],"about":[{"href":"https:\/\/www.maou.ch\/fr\/wp-json\/wp\/v2\/types\/product"}],"replies":[{"embeddable":true,"href":"https:\/\/www.maou.ch\/fr\/wp-json\/wp\/v2\/comments?post=9085"}],"wp:featuredmedia":[{"embeddable":true,"href":"https:\/\/www.maou.ch\/fr\/wp-json\/wp\/v2\/media\/8341"}],"wp:attachment":[{"href":"https:\/\/www.maou.ch\/fr\/wp-json\/wp\/v2\/media?parent=9085"}],"wp:term":[{"taxonomy":"product_brand","embeddable":true,"href":"https:\/\/www.maou.ch\/fr\/wp-json\/wp\/v2\/product_brand?post=9085"},{"taxonomy":"product_cat","embeddable":true,"href":"https:\/\/www.maou.ch\/fr\/wp-json\/wp\/v2\/product_cat?post=9085"},{"taxonomy":"product_tag","embeddable":true,"href":"https:\/\/www.maou.ch\/fr\/wp-json\/wp\/v2\/product_tag?post=9085"}],"curies":[{"name":"wp","href":"https:\/\/api.w.org\/{rel}","templated":true}]}}