{"id":9117,"date":"2023-10-06T13:42:21","date_gmt":"2023-10-06T12:42:21","guid":{"rendered":"https:\/\/www.maou.ch\/?post_type=product&#038;p=9117"},"modified":"2023-10-06T13:52:12","modified_gmt":"2023-10-06T12:52:12","slug":"chateau","status":"publish","type":"product","link":"https:\/\/www.maou.ch\/fr\/produit\/chateau\/","title":{"rendered":"Le ch\u00e2teau"},"content":{"rendered":"<div id=\"fb-root\"><\/div>\n<div class=\"entry-content\">\n<div class=\"entry-content\">\n<p>Le Ch\u00e2teau de Prangins a donn\u00e9 carte blanche \u00e0 douze cr\u00e9atrices de bande dessin\u00e9e de notre collectif afin de cr\u00e9er une exposition temporaire en 2023. De juillet 2022 \u00e0 janvier 2023, elles ont s\u00e9journ\u00e9 sur place et en duo \u00e0 tour de r\u00f4le pendant une semaine. Elles y ont cr\u00e9\u00e9 des \u0153uvres multiformes sur le th\u00e8me des voies et des voix de femmes.\n\nLe support commun aux artistes, et le c\u0153ur de l\u2019exposition, est un grand rouleau de papier sur lequel elles ont appos\u00e9, avec des encres de couleurs \u00e9voquant les indiennes, des motifs inspir\u00e9s par leur s\u00e9jour. \u00c0 la mani\u00e8re d\u2019un cadavre exquis g\u00e9ant, chaque duo y a laiss\u00e9 un motif \u00e0 d\u00e9velopper pour les suivantes. Il en r\u00e9sulte une multitude d\u2019histoires et de d\u00e9tails dans lesquels laisser voyager son imagination. Ce fanzine hors s\u00e9rie pr\u00e9sente l\u2019enti\u00e8ret\u00e9 de ce grand rouleau.\n\nL\u2019exposition pr\u00e9sente les \u0153uvres de ces artistes r\u00e9alis\u00e9es pendant leur s\u00e9jour, de l\u2019\u00e9t\u00e9 2022 \u00e0 l\u2019hiver 2023 et ce fanzine a \u00e9t\u00e9 publi\u00e9 pour cette exposition intitul\u00e9e <a href=\"https:\/\/www.chateaudeprangins.ch\/fr\/expositions\/temporaire\/2023\/bd_la-buche\/bd_la-buche\"><em>BD! Voix de femmes<\/em> au Ch\u00e2teau de Prangins<\/a> en 2023.<\/p>\n[blank_spacer height=&#8221;30px&#8221; width=&#8221;1\/1&#8243; el_position=&#8221;first last&#8221;]\n<p>Autrices: <a href=\"https:\/\/agatheborin.ch\/\">Agathe Borin<\/a>,\u00a0<a href=\"https:\/\/www.instagram.com\/kreilkatharina\/?hl=fr\">Katharina Kreil<\/a>,\u00a0<a href=\"http:\/\/cilproduction.ch\/\">C\u00e9cile Koepfl<\/a>,\u00a0<a href=\"https:\/\/www.anaisbloch.com\/\">Ana\u00efs Bloch<\/a>,\u00a0<a href=\"https:\/\/www.anouckfontaine.com\/\">Anouck Fontaine<\/a>,\u00a0<a href=\"http:\/\/maudoihenart.weebly.com\/\">Maud O\u00efh\u00e9nart<\/a>,\u00a0<a href=\"https:\/\/www.maou.ch\/fr\/\" target=\"_blank\" rel=\"noreferrer noopener\">Maou<\/a>,\u00a0<a href=\"https:\/\/www.instagram.com\/beem0\/\">BEEMO<\/a>,\u00a0<a href=\"https:\/\/www.la-boite-a-bulles.com\/book\/210\" target=\"_blank\" rel=\"noreferrer noopener\">L\u00e9andre Ackermann<\/a>,\u00a0<a href=\"https:\/\/maevarubli.com\/\">Maeva Rubli<\/a>,\u00a0<a href=\"https:\/\/www.vulpovulpo.com\/\">Vulpo Vulpo<\/a>, et\u00a0<a href=\"https:\/\/www.instagram.com\/mariemo_a\/\">MarieMo<\/a>. Coordinated by par <a href=\"http:\/\/fixement.com\/\" target=\"_blank\" rel=\"noreferrer noopener\">Fanny Vaucher<\/a>.<\/p>\n[blank_spacer height=&#8221;30px&#8221; width=&#8221;1\/1&#8243; el_position=&#8221;first last&#8221;]\n<p>A5, 40 pages.<\/p>\n<\/div>\n<\/div>","protected":false},"excerpt":{"rendered":"<div class=\"entry-content\">\n<div class=\"entry-content\">\n<div class=\"entry-content\">\n<div class=\"entry-content\">\n<div class=\"entry-content\">\n<div class=\"entry-content\">\n<div class=\"entry-content\">\n<div class=\"entry-content\">\n<p>Le Ch\u00e2teau de Prangins a donn\u00e9 carte blanche \u00e0 douze cr\u00e9atrices de bande dessin\u00e9e de notre collectif afin de cr\u00e9er une exposition temporaire en 2023. De juillet 2022 \u00e0 janvier 2023, elles ont s\u00e9journ\u00e9 sur place et en duo \u00e0 tour de r\u00f4le pendant une semaine. Elles y ont cr\u00e9\u00e9 des \u0153uvres multiformes sur le th\u00e8me des voies et des voix de femmes.\n\nLe support commun aux artistes, et le c\u0153ur de l\u2019exposition, est un grand rouleau de papier sur lequel elles ont appos\u00e9, avec des encres de couleurs \u00e9voquant les indiennes, des motifs inspir\u00e9s par leur s\u00e9jour. \u00c0 la mani\u00e8re d\u2019un cadavre exquis g\u00e9ant, chaque duo y a laiss\u00e9 un motif \u00e0 d\u00e9velopper pour les suivantes. Il en r\u00e9sulte une multitude d\u2019histoires et de d\u00e9tails dans lesquels laisser voyager son imagination. Ce fanzine hors s\u00e9rie pr\u00e9sente l\u2019enti\u00e8ret\u00e9 de ce grand rouleau.\n\nL\u2019exposition pr\u00e9sente les \u0153uvres de ces artistes r\u00e9alis\u00e9es pendant leur s\u00e9jour, de l\u2019\u00e9t\u00e9 2022 \u00e0 l\u2019hiver 2023 et ce fanzine a \u00e9t\u00e9 publi\u00e9 pour cette exposition intitul\u00e9e <a href=\"https:\/\/www.chateaudeprangins.ch\/fr\/expositions\/temporaire\/2023\/bd_la-buche\/bd_la-buche\"><em>BD! Voix de femmes<\/em> au Ch\u00e2teau de Prangins<\/a> en 2023.<\/p>\n<p>[blank_spacer height=&#8221;30px&#8221; width=&#8221;1\/1&#8243; el_position=&#8221;first last&#8221;]<\/p>\n<p>Autrices: <a href=\"https:\/\/agatheborin.ch\/\">Agathe Borin<\/a>,\u00a0<a href=\"https:\/\/www.instagram.com\/kreilkatharina\/?hl=fr\">Katharina Kreil<\/a>,\u00a0<a href=\"http:\/\/cilproduction.ch\/\">C\u00e9cile Koepfl<\/a>,\u00a0<a href=\"https:\/\/www.anaisbloch.com\/\">Ana\u00efs Bloch<\/a>,\u00a0<a href=\"https:\/\/www.anouckfontaine.com\/\">Anouck Fontaine<\/a>,\u00a0<a href=\"http:\/\/maudoihenart.weebly.com\/\">Maud O\u00efh\u00e9nart<\/a>,\u00a0<a href=\"https:\/\/www.maou.ch\/fr\/\" target=\"_blank\" rel=\"noreferrer noopener\">Maou<\/a>,\u00a0<a href=\"https:\/\/www.instagram.com\/beem0\/\">BEEMO<\/a>,\u00a0<a href=\"https:\/\/www.la-boite-a-bulles.com\/book\/210\" target=\"_blank\" rel=\"noreferrer noopener\">L\u00e9andre Ackermann<\/a>,\u00a0<a href=\"https:\/\/maevarubli.com\/\">Maeva Rubli<\/a>,\u00a0<a href=\"https:\/\/www.vulpovulpo.com\/\">Vulpo Vulpo<\/a>, et\u00a0<a href=\"https:\/\/www.instagram.com\/mariemo_a\/\">MarieMo<\/a>. Coordinated by par <a href=\"http:\/\/fixement.com\/\" target=\"_blank\" rel=\"noreferrer noopener\">Fanny Vaucher<\/a>.<\/p>\n<p>[blank_spacer height=&#8221;30px&#8221; width=&#8221;1\/1&#8243; el_position=&#8221;first last&#8221;]<\/p>\n<p>A5, 40 pages.<\/p>\n<\/div>\n<\/div>\n<\/div>\n<\/div>\n<\/div>\n<\/div>\n<\/div>\n<\/div>","protected":false},"featured_media":9118,"comment_status":"closed","ping_status":"closed","template":"","meta":{"_links_to":"","_links_to_target":""},"product_brand":[],"product_cat":[27,84],"product_tag":[],"class_list":{"0":"post-9117","1":"product","2":"type-product","3":"status-publish","4":"has-post-thumbnail","6":"product_cat-bd","7":"product_cat-la-buche","8":"product_shipping_class-small","10":"first","11":"instock","12":"taxable","13":"shipping-taxable","14":"purchasable","15":"product-type-simple"},"_links":{"self":[{"href":"https:\/\/www.maou.ch\/fr\/wp-json\/wp\/v2\/product\/9117","targetHints":{"allow":["GET"]}}],"collection":[{"href":"https:\/\/www.maou.ch\/fr\/wp-json\/wp\/v2\/product"}],"about":[{"href":"https:\/\/www.maou.ch\/fr\/wp-json\/wp\/v2\/types\/product"}],"replies":[{"embeddable":true,"href":"https:\/\/www.maou.ch\/fr\/wp-json\/wp\/v2\/comments?post=9117"}],"wp:featuredmedia":[{"embeddable":true,"href":"https:\/\/www.maou.ch\/fr\/wp-json\/wp\/v2\/media\/9118"}],"wp:attachment":[{"href":"https:\/\/www.maou.ch\/fr\/wp-json\/wp\/v2\/media?parent=9117"}],"wp:term":[{"taxonomy":"product_brand","embeddable":true,"href":"https:\/\/www.maou.ch\/fr\/wp-json\/wp\/v2\/product_brand?post=9117"},{"taxonomy":"product_cat","embeddable":true,"href":"https:\/\/www.maou.ch\/fr\/wp-json\/wp\/v2\/product_cat?post=9117"},{"taxonomy":"product_tag","embeddable":true,"href":"https:\/\/www.maou.ch\/fr\/wp-json\/wp\/v2\/product_tag?post=9117"}],"curies":[{"name":"wp","href":"https:\/\/api.w.org\/{rel}","templated":true}]}}