{"id":9127,"date":"2023-10-06T14:08:28","date_gmt":"2023-10-06T13:08:28","guid":{"rendered":"https:\/\/www.maou.ch\/?post_type=product&#038;p=9127"},"modified":"2024-10-01T17:26:48","modified_gmt":"2024-10-01T16:26:48","slug":"ls-lausanne-t-shirt","status":"publish","type":"product","link":"https:\/\/www.maou.ch\/fr\/produit\/ls-lausanne-t-shirt\/","title":{"rendered":"LS Lausanne t-shirt"},"content":{"rendered":"<div id=\"fb-root\"><\/div>\n<p>BDFIL est super fier de s\u2019associer au FC Lausanne-Sport pour une collaboration in\u00e9dite: lors de la rencontre entre le LS et Xamax ce vendredi 12 mai 2023, les joueurs lausannois porteront \u00e0 leur entr\u00e9e sur le terrain un maillot dessin\u00e9 par Maou, notre carte blanche 2023.\n\nBDFIL est le festival de la bande dessin\u00e9e pointue comme populaire. Et quoi de mieux que de s\u2019associer avec un club d\u2019\u00e9lite aussi populaire que le LS pour concr\u00e9tiser cette philosophie? Le festival BDFIL a laiss\u00e9 libre court \u00e0 l\u2019imagination et au talent de Maou, carte blanche 2023 du festival, pour orner le maillot que porteront les joueurs du FC Lausanne-Sport ce vendredi 12 mai pour la rencontre face \u00e0 Xamax. Le dessin sur le devant du chandail repr\u00e9sente une personnification de BDFIL et Loupo, la mascotte du LS, bras dessus, bras dessous. Sur l\u2019arri\u00e8re, le maillot est floqu\u00e9 au nom de BDFIL 2023.\n\nChaque d\u00e9tenteur et d\u00e9tentrice d\u2019un billet pour le festival a la possibilit\u00e9 de prendre un billet \u00e0 moiti\u00e9 prix pour la rencontre au Stade de la Tuili\u00e8re avec le code promo BDFILXLS.\n\nCr\u00e9dit photo @ifenn.visuel.<\/p>\n[blank_spacer height=&#8221;30px&#8221; width=&#8221;1\/1&#8243; el_position=&#8221;first last&#8221;]\nReleased for <a href=\"https:\/\/bdfil.ch\/bdfil-x-fc-lausanne-sport\/\">BDFIL 2023<\/a>.<\/p>\n[blank_spacer height=&#8221;30px&#8221; width=&#8221;1\/1&#8243; el_position=&#8221;first last&#8221;]\n<ul class=\"sf-list\">\n<li><i class=\"ss-heart\"><\/i><span>S, M, L or XL<\/span><\/li>\n<li><i class=\"ss-heart\"><\/i><span>Laver \u00e0 30 degr\u00e9s.<\/span><\/li>\n<li><i class=\"ss-heart\"><\/i><span>Coupe ample.<\/span><\/li>\n<\/ul>\n<p><span class=\"ILfuVd\" lang=\"fr\"><span class=\"hgKElc\">\u00a9Cr\u00e9dit photo @ifenn.visuel<\/span><\/span><\/p>\n[blank_spacer height=&#8221;30px&#8221; width=&#8221;1\/1&#8243; el_position=&#8221;first last&#8221;]\n<p style=\"text-align: center;\"><strong>Maintenant \u00e0 25 CHF au lieu de 50 CHF<\/strong><\/p>\n<p style=\"text-align: center;\"><a class=\"sf-button standard lightgrey standard\" href=\"https:\/\/shop.lausanne-sport.ch\/product\/maillot-echauffement-lsxbdfil\/\" target=\"_self\"><span class=\"text\">Acheter sur le site du Lausanne Sport<\/span><\/a><\/p>","protected":false},"excerpt":{"rendered":"<p>BDFIL est super fier de s\u2019associer au FC Lausanne-Sport pour une collaboration in\u00e9dite: lors de la rencontre entre le LS et Xamax ce vendredi 12 mai 2023, les joueurs lausannois porteront \u00e0 leur entr\u00e9e sur le terrain un maillot dessin\u00e9 par Maou, notre carte blanche 2023.\n\nBDFIL est le festival de la bande dessin\u00e9e pointue comme populaire. Et quoi de mieux que de s\u2019associer avec un club d\u2019\u00e9lite aussi populaire que le LS pour concr\u00e9tiser cette philosophie? Le festival BDFIL a laiss\u00e9 libre court \u00e0 l\u2019imagination et au talent de Maou, carte blanche 2023 du festival, pour orner le maillot que porteront les joueurs du FC Lausanne-Sport ce vendredi 12 mai pour la rencontre face \u00e0 Xamax. Le dessin sur le devant du chandail repr\u00e9sente une personnification de BDFIL et Loupo, la mascotte du LS, bras dessus, bras dessous. Sur l\u2019arri\u00e8re, le maillot est floqu\u00e9 au nom de BDFIL 2023.\n\nChaque d\u00e9tenteur et d\u00e9tentrice d\u2019un billet pour le festival a la possibilit\u00e9 de prendre un billet \u00e0 moiti\u00e9 prix pour la rencontre au Stade de la Tuili\u00e8re avec le code promo BDFILXLS.\n\nCr\u00e9dit photo @ifenn.visuel.<\/p>\n<p>[blank_spacer height=&#8221;30px&#8221; width=&#8221;1\/1&#8243; el_position=&#8221;first last&#8221;]<br \/>\nR\u00e9alis\u00e9 pour <a href=\"https:\/\/bdfil.ch\/bdfil-x-fc-lausanne-sport\/\">BDFIL 2023<\/a>.<\/p>\n<p>[blank_spacer height=&#8221;30px&#8221; width=&#8221;1\/1&#8243; el_position=&#8221;first last&#8221;]<\/p>\n[list]<br \/>\n[list_item icon=\"ss-heart\"]S, M, L or XL[\/list_item]<br \/>\n[list_item icon=\"ss-heart\"]Wash at 30 degrees.[\/list_item]<br \/>\n[list_item icon=\"ss-heart\"]Loose fit.[\/list_item]<br \/>\n[\/list]\n<p><span class=\"ILfuVd\" lang=\"fr\"><span class=\"hgKElc\">\u00a9Cr\u00e9dit photo @ifenn.visuel<\/span><\/span><\/p>\n<p>[blank_spacer height=&#8221;30px&#8221; width=&#8221;1\/1&#8243; el_position=&#8221;first last&#8221;]<\/p>\n<p style=\"text-align: center;\"><strong>Maintenant \u00e0 25 CHF au lieu de 50 CHF<\/strong><\/p>\n<p style=\"text-align: center;\">[sf_button colour=\"lightgrey\" type=\"standard\" size=\"standard\" link=\"https:\/\/shop.lausanne-sport.ch\/product\/maillot-echauffement-lsxbdfil\/\" target=\"_self\" icon=\"\" dropshadow=\"no\" extraclass=\"\"]Buy on Lausanne Sport[\/sf_button]<\/p>","protected":false},"featured_media":9135,"comment_status":"closed","ping_status":"closed","template":"","meta":{"_links_to":"","_links_to_target":""},"product_brand":[],"product_cat":[28],"product_tag":[],"class_list":{"0":"post-9127","1":"product","2":"type-product","3":"status-publish","4":"has-post-thumbnail","6":"product_cat-accessories","8":"first","9":"outofstock","10":"taxable","11":"shipping-taxable","12":"product-type-simple"},"_links":{"self":[{"href":"https:\/\/www.maou.ch\/fr\/wp-json\/wp\/v2\/product\/9127","targetHints":{"allow":["GET"]}}],"collection":[{"href":"https:\/\/www.maou.ch\/fr\/wp-json\/wp\/v2\/product"}],"about":[{"href":"https:\/\/www.maou.ch\/fr\/wp-json\/wp\/v2\/types\/product"}],"replies":[{"embeddable":true,"href":"https:\/\/www.maou.ch\/fr\/wp-json\/wp\/v2\/comments?post=9127"}],"wp:featuredmedia":[{"embeddable":true,"href":"https:\/\/www.maou.ch\/fr\/wp-json\/wp\/v2\/media\/9135"}],"wp:attachment":[{"href":"https:\/\/www.maou.ch\/fr\/wp-json\/wp\/v2\/media?parent=9127"}],"wp:term":[{"taxonomy":"product_brand","embeddable":true,"href":"https:\/\/www.maou.ch\/fr\/wp-json\/wp\/v2\/product_brand?post=9127"},{"taxonomy":"product_cat","embeddable":true,"href":"https:\/\/www.maou.ch\/fr\/wp-json\/wp\/v2\/product_cat?post=9127"},{"taxonomy":"product_tag","embeddable":true,"href":"https:\/\/www.maou.ch\/fr\/wp-json\/wp\/v2\/product_tag?post=9127"}],"curies":[{"name":"wp","href":"https:\/\/api.w.org\/{rel}","templated":true}]}}